{"id":793,"date":"2024-02-07T19:50:46","date_gmt":"2024-02-07T18:50:46","guid":{"rendered":"https:\/\/www.marc-salzmann-marketing.de\/?page_id=793"},"modified":"2024-02-07T20:35:19","modified_gmt":"2024-02-07T19:35:19","slug":"coaching-fuer-den-ausbilder-schein-ada","status":"publish","type":"page","link":"https:\/\/www.marc-salzmann-marketing.de\/?page_id=793","title":{"rendered":"Coaching f\u00fcr den Ausbilder-Schein (Ada)"},"content":{"rendered":"<p>&nbsp;<\/p>\n<p><span style=\"font-size: 16pt;\"><strong><span style=\"font-family: verdana, geneva;\">F\u00fcr wen dieses Coaching sinnvoll ist<\/span><\/strong><\/span><\/p>\n<p><span style=\"font-family: verdana, geneva; font-size: 16pt;\">Sie wollen Ihrem Leben und Ihrer Karriere eine neue Ausrichtung geben und Meisterlehrgang besuchen? Dann ist der sogenannte &#8222;Ada-Schein&#8220; Pflicht! Oder wollen Sie in Ihrem Betrieb als Ausbilder arbeiten und junge Menschen professionell anleiten und entwickeln? Auch dann sollten Sie einen Ausbilderschein vorweisen k\u00f6nnen. Oder hat es mit dem ersten Versuch der Pr\u00fcfung nicht geklappt, und Sie suchen einen neuen Ansatz, die H\u00fcrde zu \u00fcberwinden?<br \/>\n<\/span><\/p>\n<p>&nbsp;<\/p>\n<p><span style=\"font-family: verdana, geneva; font-size: 16pt;\">Als <strong>erfahrener Pr\u00fcfer f\u00fcr den Ada-Schein<\/strong> widerhole und \u00fcbe ich als wesentlichen Inhalte mit den Teilnehmern ein, um den Pr\u00fcfungserfolg abzusichern.<\/span><\/p>\n<p>&nbsp;<\/p>\n<p><span style=\"font-family: verdana, geneva; font-size: 16pt;\"><strong>Inhalte des Coachings<\/strong><\/span><\/p>\n<p><span style=\"font-family: verdana, geneva; font-size: 16pt;\">Die Pr\u00fcfung gliedert sich in einen theoretischen, schriftlichen Teil (multiple choice) und eine praktische Pr\u00fcfung (entweder eine Unterrichtsimualtion oder eine Pr\u00e4sentation). Anschlie\u00dfend erfolgt ein Fachgespr\u00e4ch.<\/span><\/p>\n<p><span style=\"font-family: verdana, geneva; font-size: 16pt;\">Ich wiederhole auf Wunsch entweder im Gruppen-, oder im Einzelcoaching die <strong>theoretischen Inhalte.<\/strong><\/span><\/p>\n<p><span style=\"font-family: verdana, geneva; font-size: 16pt;\">Weiterhin \u00fcberpr\u00fcfe ich die <strong>Konzeptmappen<\/strong> als auch die <strong>Pr\u00e4sentationen<\/strong> auf Fehler und suche Verbesserungspotenzial bzw. erkl\u00e4re deren Erstellung. Mit anschaulichen Beispielen helfe ich den Teilnehmern, selbst Ihre eigenen Ausarbeitungen zu erstellen.<br \/>\n<\/span><\/p>\n<p><span style=\"font-family: verdana, geneva; font-size: 16pt;\">Zudem erkl\u00e4re ich den Ablauf und die typischen Fragen eines Fachgespr\u00e4ches. Hier kommt der wichtigste Teil des Coachings zum Tragen: Ich <strong>simuliere mit den Teilnehmern Pr\u00fcfungsgespr\u00e4che<\/strong>, analysiere Inhalt, Rhetorik, Mimik und Gestik, Auftreten etc.<\/span><\/p>\n<p><span style=\"font-family: verdana, geneva; font-size: 16pt;\">Zudem gehe ich auf die <strong>Pr\u00fcferpsychologie<\/strong> ein, die es den Teilnehmern erlaubt, proaktiv zu agieren.<\/span><\/p>\n<p>&nbsp;<\/p>\n<p><span style=\"font-size: 16pt;\"><img loading=\"lazy\" decoding=\"async\" class=\"alignright wp-image-801\" src=\"https:\/\/www.marc-salzmann-marketing.de\/wp-content\/uploads\/2024\/02\/teachers-23820_960_720-300x248.webp\" alt=\"Zusammen zum Erfolg!\" width=\"408\" height=\"337\" srcset=\"https:\/\/www.marc-salzmann-marketing.de\/wp-content\/uploads\/2024\/02\/teachers-23820_960_720-300x248.webp 300w, https:\/\/www.marc-salzmann-marketing.de\/wp-content\/uploads\/2024\/02\/teachers-23820_960_720-768x634.webp 768w, https:\/\/www.marc-salzmann-marketing.de\/wp-content\/uploads\/2024\/02\/teachers-23820_960_720.webp 872w\" sizes=\"auto, (max-width: 408px) 100vw, 408px\" \/><\/span><\/p>\n<p><span style=\"font-size: 16pt;\"><strong><span style=\"font-family: verdana, geneva;\">Umfang<\/span><\/strong><\/span><\/p>\n<p><span style=\"font-family: verdana, geneva; font-size: 16pt;\">Nach Absprache. Das Coaching ist sowohl von einzelnen Teilnehmern, als auch von Gruppen buchbar.<\/span><\/p>\n<p>&nbsp;<\/p>\n<p><span style=\"font-family: verdana, geneva; font-size: 16pt;\"><strong>Preise<\/strong><\/span><\/p>\n<p><span style=\"font-family: verdana, geneva; font-size: 16pt;\">Einzelcoaching: 50,- \u20ac zzgl. gesetzlicher MwSt. pro Stunde<\/span><\/p>\n<p><span style=\"font-family: verdana, geneva; font-size: 16pt;\">Gruppencoaching: 50,- \u20ac zzgl. gesetzlicher MwSt. pro Stunde f\u00fcr den ersten Teilnehmer, f\u00fcr jeden weiteren Teilnehmer 25,- \u20ac zzgl. gesetzlicher MwSt.<\/span><\/p>\n<p>&nbsp;<\/p>\n<p><span style=\"font-family: verdana, geneva; font-size: 16pt;\"><strong>Buchung<\/strong><\/span><\/p>\n<p><span style=\"font-family: verdana, geneva; font-size: 16pt;\">Schreiben sie mir einfach eine email unter <a href=\"mailto:office@marc-salzmann-marketing.de\"><strong>office@marc-salzmann-marketing.de<\/strong><\/a> mit Ihren W\u00fcnschen. Wir finden zusammen das f\u00fcr Sie passende Angebot!<br \/>\n<\/span><\/p>\n<p>&nbsp;<\/p>\n<p>&nbsp;<\/p>\n<p>&nbsp;<\/p>\n<p>&nbsp;<\/p>\n<p>&nbsp;<\/p>\n<p>&nbsp;<\/p>\n<div id=\"s3gt_translate_tooltip_mini\" class=\"s3gt_translate_tooltip_mini_box\" style=\"background: initial !important; border: initial !important; border-radius: initial !important; border-spacing: initial !important; border-collapse: initial !important; direction: ltr !important; flex-direction: initial !important; font-weight: initial !important; height: initial !important; letter-spacing: initial !important; min-width: initial !important; max-width: initial !important; min-height: initial !important; max-height: initial !important; margin: auto !important; outline: initial !important; padding: initial !important; position: absolute; table-layout: initial !important; text-align: initial !important; text-shadow: initial !important; width: initial !important; word-break: initial !important; word-spacing: initial !important; overflow-wrap: initial !important; box-sizing: initial !important; display: initial !important; color: inherit !important; font-size: 13px !important; font-family: X-LocaleSpecific, sans-serif, Tahoma, Helvetica !important; line-height: 13px !important; vertical-align: top !important; white-space: inherit !important; left: 623px; top: 991px; opacity: 0.55;\">\n<div id=\"s3gt_translate_tooltip_mini_logo\" class=\"s3gt_translate_tooltip_mini\" title=\"Markierten Text \u00fcbersetzen\"><\/div>\n<div id=\"s3gt_translate_tooltip_mini_sound\" class=\"s3gt_translate_tooltip_mini\" title=\"Abspielen\"><\/div>\n<div id=\"s3gt_translate_tooltip_mini_copy\" class=\"s3gt_translate_tooltip_mini\" title=\"In Zwischenablage kopieren\"><\/div>\n<\/div>\n","protected":false},"excerpt":{"rendered":"<p>&nbsp; F\u00fcr wen dieses Coaching sinnvoll ist Sie wollen Ihrem Leben und Ihrer Karriere eine neue Ausrichtung geben und Meisterlehrgang besuchen? Dann ist der sogenannte &#8222;Ada-Schein&#8220; Pflicht! Oder wollen Sie in Ihrem Betrieb als Ausbilder arbeiten und junge Menschen professionell anleiten und entwickeln? Auch dann sollten Sie einen Ausbilderschein vorweisen k\u00f6nnen. Oder hat es mit&hellip;<\/p>\n","protected":false},"author":1,"featured_media":0,"parent":92,"menu_order":0,"comment_status":"closed","ping_status":"closed","template":"","meta":{"footnotes":""},"class_list":["post-793","page","type-page","status-publish","hentry"],"_links":{"self":[{"href":"https:\/\/www.marc-salzmann-marketing.de\/index.php?rest_route=\/wp\/v2\/pages\/793","targetHints":{"allow":["GET"]}}],"collection":[{"href":"https:\/\/www.marc-salzmann-marketing.de\/index.php?rest_route=\/wp\/v2\/pages"}],"about":[{"href":"https:\/\/www.marc-salzmann-marketing.de\/index.php?rest_route=\/wp\/v2\/types\/page"}],"author":[{"embeddable":true,"href":"https:\/\/www.marc-salzmann-marketing.de\/index.php?rest_route=\/wp\/v2\/users\/1"}],"replies":[{"embeddable":true,"href":"https:\/\/www.marc-salzmann-marketing.de\/index.php?rest_route=%2Fwp%2Fv2%2Fcomments&post=793"}],"version-history":[{"count":13,"href":"https:\/\/www.marc-salzmann-marketing.de\/index.php?rest_route=\/wp\/v2\/pages\/793\/revisions"}],"predecessor-version":[{"id":810,"href":"https:\/\/www.marc-salzmann-marketing.de\/index.php?rest_route=\/wp\/v2\/pages\/793\/revisions\/810"}],"up":[{"embeddable":true,"href":"https:\/\/www.marc-salzmann-marketing.de\/index.php?rest_route=\/wp\/v2\/pages\/92"}],"wp:attachment":[{"href":"https:\/\/www.marc-salzmann-marketing.de\/index.php?rest_route=%2Fwp%2Fv2%2Fmedia&parent=793"}],"curies":[{"name":"wp","href":"https:\/\/api.w.org\/{rel}","templated":true}]}}