{"id":725,"date":"2021-08-08T14:17:43","date_gmt":"2021-08-08T12:17:43","guid":{"rendered":"http:\/\/www.marc-salzmann-marketing.de\/?page_id=725"},"modified":"2021-09-15T01:42:34","modified_gmt":"2021-09-14T23:42:34","slug":"miteinander-sprechen-kommunikation-verstehen","status":"publish","type":"page","link":"https:\/\/www.marc-salzmann-marketing.de\/?page_id=725","title":{"rendered":"Miteinander sprechen &#8211; Kommunikation verstehen"},"content":{"rendered":"<p>&nbsp;<\/p>\n<p><span style=\"font-family: verdana, geneva; font-size: 16pt;\"><strong>Worum geht es?<\/strong><\/span><\/p>\n<p><span style=\"font-family: verdana, geneva; font-size: 16pt;\">Wir kennen das alle: Manchmal l\u00e4uft Kommunikation aus dem Ruder, ja, zuweilen gibt es sogar Streit \u2013 und \u00a0manche, so hat man das Gef\u00fchl, wollen einen einfach nicht verstehen.<\/span><\/p>\n<p><span style=\"font-family: verdana, geneva; font-size: 16pt;\">Warum ist das so und wie l\u00e4uft Kommunikation eigentlich ab? Welche Methoden gibt es, \u00a0mit denen ich meine eigene Kommunikation verbessern kann? Gibt es Wege, die andere Seite besser zu verstehen?<\/span><\/p>\n<p><span style=\"font-family: verdana, geneva; font-size: 16pt;\">In diesem Online-Seminar legen wir die Grundlagen f\u00fcr erfolgreiche Gespr\u00e4che, indem wir verstehen lernen, wie Kommunikation eigentlich abl\u00e4uft. Ein Blick auf die Individualpsychologie wird uns zudem zeigen, wie wir und die anderen \u201eticken\u201c, um mehr Verst\u00e4ndnis f\u00fcr die Situation und mein Gegen\u00fcber zu entwickeln. Praktische \u00dcbungen mit dem Partner helfen uns, wichtige Regeln der Gespr\u00e4chsf\u00fchrung zu \u00fcben. Und der Humor kommt auch nicht zu kurz!<\/span><\/p>\n<p>&nbsp;<\/p>\n<p><span style=\"font-size: 16pt;\"><strong><span style=\"font-family: verdana, geneva;\">Zielgruppe:<\/span><\/strong><\/span><\/p>\n<p><span style=\"font-family: verdana, geneva; font-size: 16pt;\">Das Webinar richtet sich an alle, die Grundkenntnisse f\u00fcr eine effektive Kommunikation erlernen m\u00f6chten. Die Veranstaltung soll den Teilnehmern zudem helfen, auch die individualpsychologischen &#8222;basics&#8220; zu erwerben, die in der guten Gespr\u00e4chsf\u00fchrung eine Rolle spielen.<\/span><\/p>\n<p>&nbsp;<\/p>\n<p><span style=\"font-size: 16pt;\"><strong><span style=\"font-family: verdana, geneva;\">Wann:<\/span><\/strong><\/span><\/p>\n<p><span style=\"font-family: verdana, geneva; font-size: 16pt;\">23.09.2021, 18:00-21:00<br \/>\n<\/span><\/p>\n<p>&nbsp;<\/p>\n<p><span style=\"font-family: verdana, geneva; font-size: 16pt;\"><strong>Wie:<\/strong> Bei Interesse senden Sie mir eine email auf <a href=\"mailto:office@marc-salzmann-marketing.de\">office@marc-salzmann-marketing.de<\/a>, ich sende Ihnen dann das Anmeldeformular inklusive AGBS, Zoom-Hinweisen etc. zu. Nach Zahlungseingang erhalten Sie eine Best\u00e4tigung und am Seminartag den Zoom-Link per email.<\/span><\/p>\n<p>&nbsp;<\/p>\n<p><span style=\"font-size: 16pt;\"><strong><span style=\"font-family: verdana, geneva;\">Kosten:<\/span><\/strong><\/span><\/p>\n<p><span style=\"font-size: 16pt;\"><strong><span style=\"font-family: verdana, geneva;\">150,- \u20ac zzgl. gesetzlicher MwSt.<\/span><\/strong><\/span><\/p>\n<p>&nbsp;<\/p>\n<p><span style=\"font-family: verdana, geneva; font-size: 16pt;\"><strong>Mindestteilnehmerzahl:<\/strong> <\/span><\/p>\n<p><span style=\"font-family: verdana, geneva; font-size: 16pt;\">Das Webinar findet ab einer Teilnehmerzahl von 6 Personen statt. Sollte diese Zahl nicht erreicht werden, erhalten alle Anmelder selbstverst\u00e4ndlich ihr Geld umgehend zur\u00fcck.<\/span><\/p>\n","protected":false},"excerpt":{"rendered":"<p>&nbsp; Worum geht es? Wir kennen das alle: Manchmal l\u00e4uft Kommunikation aus dem Ruder, ja, zuweilen gibt es sogar Streit \u2013 und \u00a0manche, so hat man das Gef\u00fchl, wollen einen einfach nicht verstehen. Warum ist das so und wie l\u00e4uft Kommunikation eigentlich ab? Welche Methoden gibt es, \u00a0mit denen ich meine eigene Kommunikation verbessern kann?&hellip;<\/p>\n","protected":false},"author":1,"featured_media":727,"parent":0,"menu_order":0,"comment_status":"closed","ping_status":"closed","template":"","meta":{"footnotes":""},"class_list":["post-725","page","type-page","status-publish","has-post-thumbnail","hentry"],"_links":{"self":[{"href":"https:\/\/www.marc-salzmann-marketing.de\/index.php?rest_route=\/wp\/v2\/pages\/725","targetHints":{"allow":["GET"]}}],"collection":[{"href":"https:\/\/www.marc-salzmann-marketing.de\/index.php?rest_route=\/wp\/v2\/pages"}],"about":[{"href":"https:\/\/www.marc-salzmann-marketing.de\/index.php?rest_route=\/wp\/v2\/types\/page"}],"author":[{"embeddable":true,"href":"https:\/\/www.marc-salzmann-marketing.de\/index.php?rest_route=\/wp\/v2\/users\/1"}],"replies":[{"embeddable":true,"href":"https:\/\/www.marc-salzmann-marketing.de\/index.php?rest_route=%2Fwp%2Fv2%2Fcomments&post=725"}],"version-history":[{"count":16,"href":"https:\/\/www.marc-salzmann-marketing.de\/index.php?rest_route=\/wp\/v2\/pages\/725\/revisions"}],"predecessor-version":[{"id":767,"href":"https:\/\/www.marc-salzmann-marketing.de\/index.php?rest_route=\/wp\/v2\/pages\/725\/revisions\/767"}],"wp:featuredmedia":[{"embeddable":true,"href":"https:\/\/www.marc-salzmann-marketing.de\/index.php?rest_route=\/wp\/v2\/media\/727"}],"wp:attachment":[{"href":"https:\/\/www.marc-salzmann-marketing.de\/index.php?rest_route=%2Fwp%2Fv2%2Fmedia&parent=725"}],"curies":[{"name":"wp","href":"https:\/\/api.w.org\/{rel}","templated":true}]}}