{"id":719,"date":"2021-08-08T14:07:59","date_gmt":"2021-08-08T12:07:59","guid":{"rendered":"http:\/\/www.marc-salzmann-marketing.de\/?page_id=719"},"modified":"2021-09-15T01:45:59","modified_gmt":"2021-09-14T23:45:59","slug":"webinare","status":"publish","type":"page","link":"https:\/\/www.marc-salzmann-marketing.de\/?page_id=719","title":{"rendered":"Webinare"},"content":{"rendered":"<p><img loading=\"lazy\" decoding=\"async\" class=\"aligncenter wp-image-715 size-large\" src=\"https:\/\/www.marc-salzmann-marketing.de\/wp-content\/uploads\/2021\/08\/startup-594090_1920-1024x683.jpg\" alt=\"Online lernen, online wachsen\" width=\"1024\" height=\"683\" \/><\/p>\n<p><span style=\"font-family: verdana, geneva; font-size: 16pt;\">Online-Seminare per Zoom-Meeting<\/span><\/p>\n<p>&nbsp;<\/p>\n<p><span style=\"font-family: verdana, geneva; font-size: 16pt;\">Ich bin seit vielen Jahren in der Lehre, Beratung und in Trainings erfolgreich t\u00e4tig und helfe Menschen, sich pers\u00f6nlich und fachlich zu entwickeln. Dabei helfen mir nicht nur meine fachlichen, sondern auch meine p\u00e4dagogischen Kenntnisse, die Lehrinhalte verst\u00e4ndlich und mit Motivation zu vermitteln. Meine Themenschwerpunkte hierbei liegen \u00fcberwiegend in den Bereichen<\/span><\/p>\n<ul>\n<li><span style=\"font-family: verdana, geneva; font-size: 16pt;\">F\u00fchrung,<\/span><\/li>\n<li><span style=\"font-family: verdana, geneva; font-size: 16pt;\">Kommunikation,<\/span><\/li>\n<li><span style=\"font-family: verdana, geneva; font-size: 16pt;\">Personal,<\/span><\/li>\n<li><span style=\"font-family: verdana, geneva; font-size: 16pt;\">Marketing,<\/span><\/li>\n<li><span style=\"font-family: verdana, geneva; font-size: 16pt;\">Management,<\/span><\/li>\n<li><span style=\"font-family: verdana, geneva; font-size: 16pt;\">Individualpsychologie und Coaching<\/span><\/li>\n<li><span style=\"font-family: verdana, geneva; font-size: 16pt;\">Kampfkunst<\/span><\/li>\n<\/ul>\n<p><span style=\"font-family: verdana, geneva; font-size: 16pt;\">Die Webinare biete ich zur Zeit per Zoom an.<\/span><\/p>\n<p><span style=\"font-family: verdana, geneva; font-size: 16pt;\">Bitte w\u00e4hlen Sie im Men\u00fc das Webinar, welches Sie anspricht.<\/span><\/p>\n","protected":false},"excerpt":{"rendered":"<p>Online-Seminare per Zoom-Meeting &nbsp; Ich bin seit vielen Jahren in der Lehre, Beratung und in Trainings erfolgreich t\u00e4tig und helfe Menschen, sich pers\u00f6nlich und fachlich zu entwickeln. Dabei helfen mir nicht nur meine fachlichen, sondern auch meine p\u00e4dagogischen Kenntnisse, die Lehrinhalte verst\u00e4ndlich und mit Motivation zu vermitteln. Meine Themenschwerpunkte hierbei liegen \u00fcberwiegend in den Bereichen&hellip;<\/p>\n","protected":false},"author":1,"featured_media":0,"parent":0,"menu_order":0,"comment_status":"closed","ping_status":"closed","template":"","meta":{"footnotes":""},"class_list":["post-719","page","type-page","status-publish","hentry"],"_links":{"self":[{"href":"https:\/\/www.marc-salzmann-marketing.de\/index.php?rest_route=\/wp\/v2\/pages\/719","targetHints":{"allow":["GET"]}}],"collection":[{"href":"https:\/\/www.marc-salzmann-marketing.de\/index.php?rest_route=\/wp\/v2\/pages"}],"about":[{"href":"https:\/\/www.marc-salzmann-marketing.de\/index.php?rest_route=\/wp\/v2\/types\/page"}],"author":[{"embeddable":true,"href":"https:\/\/www.marc-salzmann-marketing.de\/index.php?rest_route=\/wp\/v2\/users\/1"}],"replies":[{"embeddable":true,"href":"https:\/\/www.marc-salzmann-marketing.de\/index.php?rest_route=%2Fwp%2Fv2%2Fcomments&post=719"}],"version-history":[{"count":5,"href":"https:\/\/www.marc-salzmann-marketing.de\/index.php?rest_route=\/wp\/v2\/pages\/719\/revisions"}],"predecessor-version":[{"id":773,"href":"https:\/\/www.marc-salzmann-marketing.de\/index.php?rest_route=\/wp\/v2\/pages\/719\/revisions\/773"}],"wp:attachment":[{"href":"https:\/\/www.marc-salzmann-marketing.de\/index.php?rest_route=%2Fwp%2Fv2%2Fmedia&parent=719"}],"curies":[{"name":"wp","href":"https:\/\/api.w.org\/{rel}","templated":true}]}}