{"id":386,"date":"2021-04-19T22:25:03","date_gmt":"2021-04-19T20:25:03","guid":{"rendered":"http:\/\/www.marc-salzmann-marketing.de\/?page_id=386"},"modified":"2022-06-15T01:47:46","modified_gmt":"2022-06-14T23:47:46","slug":"datenschutzerklaerung-2","status":"publish","type":"page","link":"https:\/\/www.marc-salzmann-marketing.de\/?page_id=386","title":{"rendered":"Datenschutzerkl\u00e4rung"},"content":{"rendered":"<p>&nbsp;<\/p>\n<p><span style=\"font-family: verdana, geneva; font-size: 16pt;\"><strong>Datenschutzvereinbarung<\/strong><\/span><\/p>\n<p><span style=\"font-family: verdana, geneva; font-size: 16pt;\">In dieser Datenschutzerkl\u00e4rung informiere ich Sie \u00fcber die Verarbeitung Ihrer personenbezogenen Daten.<\/span><\/p>\n<p>&nbsp;<\/p>\n<p><span style=\"font-family: verdana, geneva; font-size: 16pt;\"><strong>Verantwortlicher dieser Website<\/strong><\/span><\/p>\n<p><span style=\"font-family: verdana, geneva; font-size: 16pt;\">Marc Salzmann, Marc Salzmann Marketing ,\u00a0 Im Br\u00fcnfeld 1e, 30926 Seelze DE, <a href=\"mailto:office@marc-salzmann-marketing.de\">office@marc-salzmann-marketing.de<\/a><\/span><\/p>\n<p>&nbsp;<\/p>\n<p><span style=\"font-family: verdana, geneva; font-size: 16pt;\"><strong>Web-Schriften<\/strong><\/span><\/p>\n<p><span style=\"font-family: verdana, geneva; font-size: 16pt;\"><strong>Google Fonts<\/strong><\/span><\/p>\n<p><span style=\"font-family: verdana, geneva; font-size: 16pt;\">Wir verarbeiten mit unserem Auftragsverarbeiter <a href=\"https:\/\/fonts.google.com\/\">Google Fonts<\/a>, Google Ireland Limited, Gordon House, Barrow Street, Dublin 4, Irland Verbindungsdaten und Browserdaten zum Zweck der Bereitstellung der vom Webbrowser zur Anzeige der Website ben\u00f6tigten Schriftarten. Diese Daten werden nur f\u00fcr die zur Auswahl und \u00dcbermittlung der Schriftarten ben\u00f6tigte Dauer verarbeitet.<\/span><\/p>\n<p><span style=\"font-family: verdana, geneva; font-size: 16pt;\">Die Rechtsgrundlage f\u00fcr die Datenverarbeitung ist das berechtigte Interesse (unbedingte technische Notwendigkeit zur Bereitstellung und Auslieferung des von ihnen durch Ihren Aufruf ausdr\u00fccklich gew\u00fcnschten Dienstes \u201eWebsite\u201c) gem\u00e4\u00df Art. 6 Abs. 1 lit. f DSGVO.<\/span><\/p>\n<p><span style=\"font-family: verdana, geneva; font-size: 16pt;\">Soweit durch Google Fonts eine weitergehende eigenst\u00e4ndige Verarbeitung der Daten erfolgt, ist Google daf\u00fcr alleinige Verantwortliche. Details finden Sie in der <a href=\"https:\/\/policies.google.com\/privacy?gl=AT&amp;hl=de#intro\">Datenschutzerkl\u00e4rung<\/a> und in den <a href=\"https:\/\/developers.google.com\/fonts\/faq\">FAQ<\/a> von Google Fonts.<\/span><\/p>\n<p>&nbsp;<\/p>\n<p><span style=\"font-family: verdana, geneva; font-size: 16pt;\"><strong>Analysedienste<\/strong><\/span><\/p>\n<p><span style=\"font-family: verdana, geneva; font-size: 16pt;\"><strong>Google Analytics<\/strong><\/span><\/p>\n<p><span style=\"font-family: verdana, geneva; font-size: 16pt;\">Im Fall der Erteilung Ihrer Einwilligung verarbeiten wir mit dem Dienst <a href=\"https:\/\/analytics.google.com\/\">Google Analytics<\/a>, Google LLC, Amphitheatre Parkway, Mountain View, CA 94043, USA, als gemeinsame Verantwortliche Ihre personenbezogenen Daten zum Zweck der Fehleranalyse und der statistischen Auswertung unserer Website. Die Nichterteilung der Einwilligung hat auf die Funktion der Website keine unmittelbare Auswirkung, ohne statistische Daten wird uns jedoch die Weiterentwicklung der Website erschwert. Eine bereits erteilte Einwilligung k\u00f6nnen Sie widerrufen, indem Sie die <a href=\"https:\/\/www.susannekesting.com\/datenschutzvereinbarungen\/\">Datenschutzeinstellungen<\/a> \u00e4ndern.<\/span><\/p>\n<p><span style=\"font-family: verdana, geneva; font-size: 16pt;\">Wir erm\u00f6glichen dem Dienst die Erhebung von Verbindungsdaten, Daten ihres Webbrowsers und Daten \u00fcber die aufgerufenen Inhalte sowie die Ausf\u00fchrung von Analysesoftware und die Speicherung von Daten auf ihrem Endger\u00e4t. Der Dienst anonymisiert die erhobenen Daten unmittelbar nach der Erhebung und stellt uns die anonymen Daten in Form von Statistiken zur Auswertung zur Verf\u00fcgung. Wir nutzen diese Statistiken zur Fehlerbehebung und zur Weiterentwicklung unserer Website. Die Daten auf ihrem Endger\u00e4t werden f\u00fcr die Dauer von bis zu zwei Jahren gespeichert.<\/span><\/p>\n<p><span style=\"font-family: verdana, geneva; font-size: 16pt;\">Die Rechtsgrundlage f\u00fcr die Datenverarbeitung ist Ihre Einwilligung gem\u00e4\u00df Art. 6 Abs 1 lit. a DSGVO. Der Google Konzern \u00fcbermittelt Ihre personenbezogenen Daten in die USA. Die Rechtsgrundlage f\u00fcr die Daten\u00fcbermittlung in die USA ist Ihre Einwilligung gem\u00e4\u00df Art. 49 Abs 1 lit a iVm Art. 6 Abs 1 lit a DSGVO. Sie wurden bereits vor Erteilung Ihrer Einwilligung informiert, dass die USA \u00fcber kein den Standards der EU entsprechendes Datenschutzniveau verf\u00fcgt. Insbesondere k\u00f6nnen US Geheimdienste auf Ihre Daten zugreifen, ohne dass Sie dar\u00fcber informiert werden und ohne dass Sie dagegen rechtlich vorgehen k\u00f6nnen. Der Europ\u00e4ische Gerichtshof hat aus diesem Grund in einem Urteil den fr\u00fcheren Angemessenheitsbeschluss (Privacy Shield) f\u00fcr ung\u00fcltig erkl\u00e4rt.<\/span><\/p>\n<p>&nbsp;<\/p>\n<p><span style=\"font-family: verdana, geneva; font-size: 16pt;\"><strong>Widerspruchsrecht<\/strong><\/span><\/p>\n<p><span style=\"font-family: verdana, geneva; font-size: 16pt;\">Sofern die Verarbeitung Ihrer personenbezogenen Daten auf Grundlage des berechtigten Interesses erfolgt, haben Sie das Recht gegen dieser Verarbeitung zu widersprechen.<\/span><\/p>\n<p><span style=\"font-family: verdana, geneva; font-size: 16pt;\">Sofern keine zwingenden schutzw\u00fcrdigen Gr\u00fcnde f\u00fcr die Verarbeitung unsererseits vorliegen, wird die Verarbeitung Ihrer Daten auf Basis dieser Rechtsgrundlage eingestellt.<\/span><\/p>\n<p><span style=\"font-family: verdana, geneva; font-size: 16pt;\">Zudem haben Sie das Recht, der Verarbeitung Ihrer personenbezogenen Daten zum Zweck der Direktwerbung zu widersprechen. Im Fall des Widerspruchs werden Ihre personenbezogenen Daten nicht mehr zum Zweck der Direktwerbung verarbeitet.<\/span><\/p>\n<p><span style=\"font-family: verdana, geneva; font-size: 16pt;\">Die Rechtm\u00e4\u00dfigkeit der bis zum Widerspruch verarbeiteten Daten wird durch den Widerspruch nicht ber\u00fchrt.<\/span><\/p>\n<p>&nbsp;<\/p>\n<p><span style=\"font-family: verdana, geneva; font-size: 16pt;\"><strong>Widerrufsrecht<\/strong><\/span><\/p>\n<p><span style=\"font-family: verdana, geneva; font-size: 16pt;\">Sie haben das Recht eine bereits erteilte Einwilligung jederzeit zu widerrufen.<\/span><\/p>\n<p><span style=\"font-family: verdana, geneva; font-size: 16pt;\">Im Fall der Einwilligung in den Erhalt elektronischer Werbung kann der Widerruf Ihrer Einwilligung durch eine email erfolgen. In diesem Fall wird eine Verarbeitung, sofern keine andere Rechtsgrundlage besteht, eingestellt.<\/span><\/p>\n<p><span style=\"font-family: verdana, geneva; font-size: 16pt;\">Die Rechtm\u00e4\u00dfigkeit der bis zum Widerruf verarbeiteten Daten wird durch den Widerruf nicht ber\u00fchrt.<\/span><\/p>\n<p>&nbsp;<\/p>\n<p><span style=\"font-family: verdana, geneva; font-size: 16pt;\"><strong>Betroffenenrechte<\/strong><\/span><\/p>\n<p><span style=\"font-family: verdana, geneva; font-size: 16pt;\">Sie haben zudem das Recht auf Auskunft, Berichtigung, L\u00f6schung und Einschr\u00e4nkung der Verarbeitung der personenbezogenen Daten.<\/span><\/p>\n<p><span style=\"font-family: verdana, geneva; font-size: 16pt;\">Soweit die Rechtsgrundlage der Verarbeitung Ihrer personenbezogenen Daten in Ihrer Einwilligung oder in einem mit Ihnen abgeschlossenen Vertrag besteht, haben Sie \u00fcberdies das Recht auf Daten\u00fcbertragbarkeit.<\/span><\/p>\n<p><span style=\"font-family: verdana, geneva; font-size: 16pt;\">Zudem haben Sie das Recht auf Beschwerde bei der Aufsichtsbeh\u00f6rde. N\u00e4here Informationen zu den Aufsichtsbeh\u00f6rden in der Europ\u00e4ischen Union finden Sie <a href=\"https:\/\/ec.europa.eu\/justice\/article-29\/structure\/data-protection-authorities\/index_en.htm\">hier<\/a>.<\/span><\/p>\n<p>&nbsp;<\/p>\n<p class=\"font_8\"><span style=\"font-family: verdana, geneva; font-size: 16pt;\"><strong>\u00c4nderungen und Aktualisierungen der Datenschutzerkl\u00e4rung<\/strong><\/span><\/p>\n<p class=\"font_8\"><span style=\"font-family: verdana, geneva; font-size: 16pt;\">Wir bitten Sie sich regelm\u00e4\u00dfig \u00fcber den Inhalt unserer Datenschutzerkl\u00e4rung zu informieren. Wir passen die Datenschutzerkl\u00e4rung an, sobald die \u00c4nderungen der von uns durchgef\u00fchrten Datenverarbeitungen dies erforderlich machen. Wir informieren Sie, sobald durch die \u00c4nderungen eine Mitwirkungshandlung Ihrerseits (z.B. Einwilligung) oder eine sonstige individuelle Benachrichtigung erforderlich wird.<\/span><\/p>\n<p class=\"font_8\"><span class=\"wixGuard\" style=\"font-family: verdana, geneva; font-size: 16pt;\">\u200b<\/span><\/p>\n<p class=\"font_8\"><span style=\"font-family: verdana, geneva; font-size: 16pt;\"><strong>Gesch\u00e4ftsbezogene Verarbeitung<\/strong><\/span><\/p>\n<p class=\"font_8\"><span style=\"font-family: verdana, geneva; font-size: 16pt;\">(nur bei Vertragsabschluss)<\/span><\/p>\n<p class=\"font_8\"><span style=\"font-family: verdana, geneva; font-size: 16pt;\">Zus\u00e4tzlich verarbeiten wir<\/span><\/p>\n<ul class=\"font_8\">\n<li>\n<p class=\"font_8\"><span style=\"font-family: verdana, geneva; font-size: 16pt;\">Vertragsdaten (z.B., Vertragsgegenstand, Laufzeit, Kundenkategorie).<\/span><\/p>\n<\/li>\n<li>\n<p class=\"font_8\"><span style=\"font-family: verdana, geneva; font-size: 16pt;\">Zahlungsdaten (z.B., Bankverbindung, Zahlungshistorie)<\/span><\/p>\n<\/li>\n<\/ul>\n<p class=\"font_8\"><span style=\"font-family: verdana, geneva; font-size: 16pt;\">von unseren Kunden, Interessenten und Gesch\u00e4ftspartner zwecks Erbringung vertraglicher Leistungen, Service und Kundenpflege, Marketing, Werbung und Marktforschung.<\/span><\/p>\n<p class=\"font_8\"><span class=\"wixGuard\" style=\"font-family: verdana, geneva; font-size: 16pt;\">\u200b<\/span><\/p>\n<p class=\"font_8\"><span style=\"font-family: verdana, geneva; font-size: 16pt;\"><strong>Coaching<\/strong><\/span><\/p>\n<p class=\"font_8\"><span style=\"font-family: verdana, geneva; font-size: 16pt;\">Wir verarbeiten die Daten unserer Klienten und Interessenten und anderer Auftraggeber oder Vertragspartner (einheitlich bezeichnet als \u201eKlienten\u201c) entsprechend Art. 6 Abs. 1 lit. b) DSGVO, um ihnen gegen\u00fcber unsere vertraglichen oder vorvertraglichen Leistungen zu erbringen. Die hierbei verarbeiteten Daten, die Art, der Umfang und der Zweck und die Erforderlichkeit ihrer Verarbeitung, bestimmen sich nach dem zugrundeliegenden Vertragsverh\u00e4ltnis. Zu den verarbeiteten Daten geh\u00f6ren grunds\u00e4tzlich Bestands- und Stammdaten der Klienten (z.B., Name, Adresse, etc.), als auch die Kontaktdaten (z.B., E-Mailadresse, Telefon, etc.), die Vertragsdaten (z.B., in Anspruch genommene Leistungen, Honorare, Namen von Kontaktpersonen, etc.) und Zahlungsdaten (z.B., Bankverbindung, Zahlungshistorie, etc.).<\/span><\/p>\n<p><span style=\"font-family: verdana, geneva; font-size: 16pt;\">Sofern f\u00fcr die Vertragserf\u00fcllung oder gesetzlich erforderlich, offenbaren oder \u00fcbermitteln wir die Daten der Klienten im Rahmen der Kommunikation mit anderen Fachkr\u00e4ften, an der Vertragserf\u00fcllung erforderlicherweise oder typischerweise beteiligten Dritten, wie z.B. Abrechnungsstellen oder vergleichbare Dienstleister, sofern dies der Erbringung unserer Leistungen gem. Art. 6 Abs. 1 lit b. DSGVO dient, gesetzlich gem. Art. 6 Abs. 1 lit c. DSGVO vorgeschrieben ist, unseren Interessen oder denen der Klienten an einer effizienten und kosteng\u00fcnstigen Gesundheitsversorgung als berechtigtes Interesse gem. Art. 6 Abs. 1 lit f. DSGVO dient oder gem. Art. 6 Abs. 1 lit d. DSGVO notwendig ist. um lebenswichtige Interessen der Klienten oder einer anderen nat\u00fcrlichen Person zu sch\u00fctzen oder im Rahmen einer Einwilligung gem. Art. 6 Abs. 1 lit. a., Art. 7 DSGVO.<\/span><\/p>\n<p><span style=\"font-family: verdana, geneva; font-size: 16pt;\">Die L\u00f6schung der Daten erfolgt, wenn die Daten zur Erf\u00fcllung vertraglicher oder gesetzlicher F\u00fcrsorgepflichten sowie Umgang mit etwaigen Gew\u00e4hrleistungs- und vergleichbaren Pflichten nicht mehr erforderlich ist, wobei die Erforderlichkeit der Aufbewahrung der Daten alle drei Jahre \u00fcberpr\u00fcft wird; im \u00dcbrigen gelten die gesetzlichen Aufbewahrungspflichten.<\/span><\/p>\n<p>&nbsp;<\/p>\n<p class=\"font_8\"><span style=\"font-family: verdana, geneva; font-size: 16pt;\"><strong>Administration, Finanzbuchhaltung, B\u00fcroorganisation, Kontaktverwaltung<\/strong><\/span><\/p>\n<p class=\"font_8\"><span style=\"font-family: verdana, geneva; font-size: 16pt;\">Wir verarbeiten Daten im Rahmen von Verwaltungsaufgaben sowie Organisation unseres Betriebs, Finanzbuchhaltung und Befolgung der gesetzlichen Pflichten, wie z.B. der Archivierung. Hierbei verarbeiten wir dieselben Daten, die wir im Rahmen der Erbringung unserer vertraglichen Leistungen verarbeiten. Die Verarbeitungsgrundlagen sind Art. 6 Abs. 1 lit. c. DSGVO, Art. 6 Abs. 1 lit. f. DSGVO. Von der Verarbeitung sind Kunden, Interessenten, Gesch\u00e4ftspartner und Websitebesucher betroffen. Der Zweck und unser Interesse an der Verarbeitung liegt in der Administration, Finanzbuchhaltung, B\u00fcroorganisation, Archivierung von Daten, also Aufgaben die der Aufrechterhaltung unserer Gesch\u00e4ftst\u00e4tigkeiten, Wahrnehmung unserer Aufgaben und Erbringung unserer Leistungen dienen. Die L\u00f6schung der Daten im Hinblick auf vertragliche Leistungen und die vertragliche Kommunikation entspricht den, bei diesen Verarbeitungst\u00e4tigkeiten genannten Angaben.<\/span><\/p>\n<p><span style=\"font-family: verdana, geneva; font-size: 16pt;\">Wir offenbaren oder \u00fcbermitteln hierbei Daten an die Finanzverwaltung, Berater, wie z.B., Steuerberater oder Wirtschaftspr\u00fcfer sowie weitere Geb\u00fchrenstellen und Zahlungsdienstleister.<\/span><\/p>\n<p><span style=\"font-family: verdana, geneva; font-size: 16pt;\">Ferner speichern wir auf Grundlage unserer betriebswirtschaftlichen Interessen Angaben zu Lieferanten, Veranstaltern und sonstigen Gesch\u00e4ftspartnern, z.B. zwecks sp\u00e4terer Kontaktaufnahme. Diese mehrheitlich unternehmensbezogenen Daten, speichern wir grunds\u00e4tzlich dauerhaft.<\/span><\/p>\n<p>&nbsp;<\/p>\n<p class=\"font_8\"><span style=\"font-family: verdana, geneva; font-size: 16pt;\"><strong>Kontaktaufnahme<\/strong><\/span><\/p>\n<p class=\"font_8\"><span style=\"font-family: verdana, geneva; font-size: 16pt;\">Bei der Kontaktaufnahme mit uns (z.B. per E-Mail, Telefon oder via sozialer Medien) werden die Angaben des Nutzers zur Bearbeitung der Kontaktanfrage und deren Abwicklung gem. Art. 6 Abs. 1 lit. b. (im Rahmen vertraglicher-\/vorvertraglicher Beziehungen), Art. 6 Abs. 1 lit. f. (andere Anfragen) DSGVO verarbeitet.. Die Angaben der Nutzer k\u00f6nnen in einem Customer-Relationship-Management System (&#8222;CRM System&#8220;) oder vergleichbarer Anfragenorganisation gespeichert werden.<\/span><\/p>\n<p><span style=\"font-family: verdana, geneva; font-size: 16pt;\">Wir l\u00f6schen die Anfragen, sofern diese nicht mehr erforderlich sind. Wir \u00fcberpr\u00fcfen die Erforderlichkeit alle zwei Jahre; Ferner gelten die gesetzlichen Archivierungspflichten.<\/span><\/p>\n<p class=\"font_8\"><span class=\"wixGuard\" style=\"font-family: verdana, geneva; font-size: 16pt;\">\u200b<\/span><\/p>\n","protected":false},"excerpt":{"rendered":"<p>&nbsp; Datenschutzvereinbarung In dieser Datenschutzerkl\u00e4rung informiere ich Sie \u00fcber die Verarbeitung Ihrer personenbezogenen Daten. &nbsp; Verantwortlicher dieser Website Marc Salzmann, Marc Salzmann Marketing ,\u00a0 Im Br\u00fcnfeld 1e, 30926 Seelze DE, office@marc-salzmann-marketing.de &nbsp; Web-Schriften Google Fonts Wir verarbeiten mit unserem Auftragsverarbeiter Google Fonts, Google Ireland Limited, Gordon House, Barrow Street, Dublin 4, Irland Verbindungsdaten und Browserdaten&hellip;<\/p>\n","protected":false},"author":1,"featured_media":0,"parent":0,"menu_order":0,"comment_status":"closed","ping_status":"closed","template":"","meta":{"footnotes":""},"class_list":["post-386","page","type-page","status-publish","hentry"],"_links":{"self":[{"href":"https:\/\/www.marc-salzmann-marketing.de\/index.php?rest_route=\/wp\/v2\/pages\/386","targetHints":{"allow":["GET"]}}],"collection":[{"href":"https:\/\/www.marc-salzmann-marketing.de\/index.php?rest_route=\/wp\/v2\/pages"}],"about":[{"href":"https:\/\/www.marc-salzmann-marketing.de\/index.php?rest_route=\/wp\/v2\/types\/page"}],"author":[{"embeddable":true,"href":"https:\/\/www.marc-salzmann-marketing.de\/index.php?rest_route=\/wp\/v2\/users\/1"}],"replies":[{"embeddable":true,"href":"https:\/\/www.marc-salzmann-marketing.de\/index.php?rest_route=%2Fwp%2Fv2%2Fcomments&post=386"}],"version-history":[{"count":10,"href":"https:\/\/www.marc-salzmann-marketing.de\/index.php?rest_route=\/wp\/v2\/pages\/386\/revisions"}],"predecessor-version":[{"id":783,"href":"https:\/\/www.marc-salzmann-marketing.de\/index.php?rest_route=\/wp\/v2\/pages\/386\/revisions\/783"}],"wp:attachment":[{"href":"https:\/\/www.marc-salzmann-marketing.de\/index.php?rest_route=%2Fwp%2Fv2%2Fmedia&parent=386"}],"curies":[{"name":"wp","href":"https:\/\/api.w.org\/{rel}","templated":true}]}}