{"id":379,"date":"2021-04-19T22:08:23","date_gmt":"2021-04-19T20:08:23","guid":{"rendered":"http:\/\/www.marc-salzmann-marketing.de\/?page_id=379"},"modified":"2025-08-08T13:25:10","modified_gmt":"2025-08-08T11:25:10","slug":"agb","status":"publish","type":"page","link":"https:\/\/www.marc-salzmann-marketing.de\/?page_id=379","title":{"rendered":"AGB"},"content":{"rendered":"<p>&nbsp;<\/p>\n<p><span style=\"font-family: verdana, geneva; font-size: 16pt;\"><strong>Allgemeine Gesch\u00e4ftsbedingungen<\/strong><\/span><br \/>\n<span style=\"font-family: verdana, geneva; font-size: 16pt;\"><strong>Marc Salzmann Marketing<\/strong><\/span><br \/>\n<span style=\"font-family: verdana, geneva; font-size: 16pt;\"><strong>(Stand: 08\/2025)<\/strong><\/span><\/p>\n<ul>\n<li><span style=\"font-family: verdana, geneva; font-size: 16pt;\"><strong> 1 Geltungsbereich<br \/>\n<\/strong><\/span><br \/>\n<span style=\"font-family: verdana, geneva; font-size: 16pt;\"><span style=\"font-family: verdana, geneva; font-size: 16pt;\">S\u00e4mtlichen Vertr\u00e4gen zwischen <strong>Marc Salzmann Marketing<\/strong>, <\/span><\/span><span style=\"font-size: 16pt;\">Sk\u00e5rtaryd P\u00e5lsg\u00e5rd 1<\/span><\/p>\n<div><span style=\"font-size: 16pt;\">36391 Bra\u00e5s Schweden<\/span> <span style=\"font-family: verdana, geneva; font-size: 16pt;\">(nachfolgend \u201e<strong>Veranstalter<\/strong>\u201c) und dem Teilnehmer \u00fcber die Teilnahme an Veranstaltungen liegen diese Allgemeinen Gesch\u00e4ftsbedingungen (AGB) zugrunde.<\/span><\/div>\n<\/li>\n<li><span style=\"font-family: verdana, geneva; font-size: 16pt;\"><strong> 2 Anmeldung und Vertragsschluss<br \/>\n<\/strong><\/span><br \/>\n<span style=\"font-family: verdana, geneva; font-size: 16pt;\">(1) Der Veranstalter offeriert die folgenden Arten von Veranstaltungen:<\/span><br \/>\n<span style=\"font-family: verdana, geneva; font-size: 16pt;\">\u2022 Training (Dauer: individuelle Absprache je nach Kurs),<\/span><br \/>\n<span style=\"font-family: verdana, geneva; font-size: 16pt;\">\u2022 Seminar (Dauer: in der Regel ein Wochenende),<\/span><br \/>\n<span style=\"font-family: verdana, geneva; font-size: 16pt;\">\u2022 Einzel-Coaching (Dauer: in der Regel w\u00f6chentliche Sitzungen \u00fcber einen Zeitraum von 3 Monaten).<\/span><br \/>\n<span style=\"font-family: verdana, geneva; font-size: 16pt;\">Preise, Mindestteilnehmerzahlen und weitere Einzelheiten zu den angebotenen Veranstaltungen sind auf Anfrage erh\u00e4ltlich. Der Teilnehmer hat sich vor der Anmeldung mit den auf der Homepage des Veranstalters beschriebenen Inhalten und den jeweiligen zuzusenden Formularen der jeweiligen Veranstaltung vertraut zu machen. Der Ort der Leistungserbringung ist entweder online oder f\u00fcr jede Veranstaltung verschieden und mit dem Veranstalter zu kl\u00e4ren. Im Zweifel hat der Teilnehmer offene Fragen vor der Anmeldung mit dem Veranstalter zu eruieren.<\/span><br \/>\n<span style=\"font-family: verdana, geneva; font-size: 16pt;\">(2) Die Anmeldung zu einer Veranstaltung erfolgt schriftlich oder per E-Mail (<a href=\"mailto:office@marc-salzmann-marketing.de\">office@marc-salzmann-marketing.de<\/a>). Die Anmeldung ist verbindlich. Durch die Anmeldung erkennt der Teilnehmer die Geltung dieser AGB an.<\/span><br \/>\n<span style=\"font-family: verdana, geneva; font-size: 16pt;\">(3) Ein Vertrag kommt erst mit der Best\u00e4tigung der Anmeldung durch den Veranstalter zustande. Die Best\u00e4tigung erfolgt per E-Mail, die auch Einzelheiten zu der entsprechenden Veranstaltung, eine Rechnung sowie ggf. eine Anfahrtsbeschreibung enth\u00e4lt. Sollte die Zahl der verf\u00fcgbaren Pl\u00e4tze f\u00fcr eine Veranstaltung erreicht werden, werden weitere Anmeldungen in der Reihenfolge ihres Eingangs beim Veranstalter in eine Warteliste eingeschrieben. Die Absender solcher Anmeldungen werden dar\u00fcber so schnell wie m\u00f6glich per E-Mail in Kenntnis gesetzt. Dasselbe gilt, wenn eine Anmeldung (endg\u00fcltig) nicht best\u00e4tigt werden kann.<\/span><\/li>\n<\/ul>\n<p><span style=\"font-family: verdana, geneva; font-size: 16pt;\">\u2013 \u2013 \u2013 \u2013 \u2013 \u2013 \u2013 \u2013 \u2013 \u2013 \u2013 \u2013 \u2013 \u2013 \u2013 \u2013 \u2013 \u2013 \u2013 \u2013 \u2013 \u2013 \u2013 \u2013 \u2013 \u2013 \u2013 \u2013 \u2013 \u2013 \u2013 \u2013 \u2013 \u2013 \u2013 \u2013 \u2013 \u2013 \u2013 \u2013 \u2013 \u2013 \u2013 \u2013 \u2013 \u2013 \u2013 \u2013 \u2013<\/span><\/p>\n<ul>\n<li><span style=\"font-family: verdana, geneva; font-size: 16pt;\"><strong> 3 Widerrufsbelehrung<\/strong><\/span><br \/>\n<span style=\"font-family: verdana, geneva; font-size: 16pt;\"><strong>Widerrufsrecht<br \/>\n<\/strong><\/span><br \/>\n<span style=\"font-family: verdana, geneva; font-size: 16pt;\">(1) Der Teilnehmer hat das Recht, binnen vierzehn Tagen ohne Angabe von Gr\u00fcnden einen au\u00dferhalb der Gesch\u00e4ftsr\u00e4ume des Veranstalters oder einen mit dem Veranstalter per Telefon, per Internet oder \u00fcber andere Fernkommunikationsmittel geschlossenen Vertrag zu widerrufen.<\/span><br \/>\n<span style=\"font-family: verdana, geneva; font-size: 16pt;\">(2) Die Widerrufsfrist betr\u00e4gt vierzehn Tage ab dem Tag des Vertragsschlusses (\u00a7 2 (3)).<\/span><br \/>\n<span style=\"font-family: verdana, geneva; font-size: 16pt;\">(3) Um das Widerrufsrecht auszu\u00fcben, muss der Teilnehmer dem Veranstalter (<strong>Marc Salzmann Marketing<\/strong>, <\/span><span style=\"font-size: 16pt;\">Sk\u00e5rtaryd P\u00e5lsg\u00e5rd 1 <\/span><span style=\"font-size: 16pt;\">36391 Bra\u00e5s Schweden<\/span><span style=\"font-family: verdana, geneva; font-size: 16pt;\">, E-Mail: office@marc-salzmann-marketing.de) mittels einer eindeutigen Erkl\u00e4rung (z.B. ein mit der Post versandter Brief oder E-Mail) \u00fcber seinen Entschluss, den Vertrag zu widerrufen, in Kenntnis setzen.<\/span><\/li>\n<\/ul>\n<p><span style=\"font-family: verdana, geneva; font-size: 16pt;\">(4) Zur Wahrung der Widerrufsfrist reicht es aus, dass der Teilnehmer die Mitteilung \u00fcber die Aus\u00fcbung des Widerrufsrechts vor Ablauf der Widerrufsfrist abschickt.<\/span><\/p>\n<p><span style=\"font-family: verdana, geneva; font-size: 16pt;\"><strong>Folgen des Widerrufs<br \/>\n<\/strong><\/span><br \/>\n<span style=\"font-family: verdana, geneva; font-size: 16pt;\">(5) Wenn der Teilnehmer einen Vertrag widerruft, hat der Anbieter ihm alle Zahlungen, die er von dem Teilnehmer bekommen hat, einschlie\u00dflich der Lieferkosten (mit Ausnahme der zus\u00e4tzlichen Kosten, die sich daraus ergeben, dass der Teilnehmer eine andere Art der Lieferung als die von der Veranstalterin angebotene, g\u00fcnstigste Standardlieferung gew\u00e4hlt hat), unverz\u00fcglich und sp\u00e4testens innerhalb von vierzehn Tagen ab dem Tag zur\u00fcckzuzahlen, an dem die Mitteilung \u00fcber den Widerruf des Vertrags beim Veranstalter eingegangen ist. F\u00fcr diese R\u00fcckzahlung verwendet der Veranstalter dasselbe Zahlungsmittel, welches der Teilnehmer bei der urspr\u00fcnglichen Transaktion eingesetzt hat, ausgenommen, mit dem Teilnehmer wurde klar etwas anderes vereinbart; in keinem Fall werden dem Teilnehmer wegen dieser R\u00fcckzahlung Entgelte berechnet.<\/span><br \/>\n<span style=\"font-family: verdana, geneva; font-size: 16pt;\">(6) Hat der Teilnehmer verlangt, dass der Veranstalter die Dienstleistungen w\u00e4hrend der Widerrufsfrist beginnen soll, so hat er der Veranstalterin einen angemessenen Betrag zu zahlen, der dem Anteil der bis zu dem Zeitpunkt, zu dem er die Veranstalterin von der Aus\u00fcbung des Widerrufsrechts hinsichtlich des Vertrags in Kenntnis setzt, bereits generierten Dienstleistungen im Vergleich zum Gesamtumfang der im Vertrag vorgesehenen Dienstleistungen entspricht.<\/span><\/p>\n<p><span style=\"font-family: verdana, geneva; font-size: 16pt;\">\u2013 \u2013 \u2013 \u2013 \u2013 \u2013 \u2013 \u2013 \u2013 \u2013 \u2013 \u2013 \u2013 \u2013 \u2013 \u2013 \u2013 \u2013 \u2013 \u2013 \u2013 \u2013 \u2013 \u2013 \u2013 \u2013 \u2013 \u2013 \u2013 \u2013 \u2013 \u2013 \u2013 \u2013 \u2013 \u2013 \u2013 \u2013 \u2013 \u2013 \u2013 \u2013 \u2013 \u2013 \u2013 \u2013 \u2013 \u2013 \u2013<\/span><\/p>\n<ul>\n<li><span style=\"font-family: verdana, geneva; font-size: 16pt;\"><strong> 4 Abrechnung und Zahlungsbedingungen<\/strong><\/span><\/li>\n<\/ul>\n<p><span style=\"font-family: verdana, geneva; font-size: 16pt;\">(1) Nach Eingang der Anmeldung bekommt der Teilnehmer zusammen mit der Best\u00e4tigungs-E-Mail eine Rechnung \u00fcber die Veranstaltungsgeb\u00fchr. Ist in der Rechnung kein Zahlungsziel angegeben, ist der Rechnungsbetrag vorbehaltlich der Regelung in nachfolgendem Abs. (2) innerhalb von 14 Tagen nach Zugang der Rechnung zur Zahlung f\u00e4llig.<\/span><br \/>\n<span style=\"font-family: verdana, geneva; font-size: 16pt;\">(2) Erfolgt die Anmeldung weniger als 14 Tage vor Veranstaltungsbeginn, ist der Rechnungsbetrag sofort f\u00e4llig und vor Beginn der Veranstaltung zu \u00fcberweisen.<\/span><br \/>\n<span style=\"font-family: verdana, geneva; font-size: 16pt;\">(3) Alle ggf. auf der Website des Veranstalters angegebenen Preise sind inklusive der gesetzlich g\u00fcltigen Mehrwertsteuer (Bruttopreise) zu verstehen. Auf den Rechnungen wird die Umsatzsteuer extra ausgewiesen, soweit sie anf\u00e4llt.<\/span><br \/>\n<span style=\"font-family: verdana, geneva; font-size: 16pt;\">(4) Wird der Rechnungsbetrag nicht rechtzeitig \u00fcberwiesen und auch innerhalb einer vom Veranstalter definierten angemessenen Frist nicht bezahlt, beh\u00e4lt sich der Veranstalter das Recht vor, die Anmeldung zu stornieren und den dadurch freigewordenen Platz anderweitig zu besetzen.<\/span><br \/>\n<span style=\"font-family: verdana, geneva; font-size: 16pt;\">(5) Reicht der Teilnehmer einen Bildungsscheck ein und lehnt die F\u00f6rderstelle die Abrechnung des Bildungsschecks ab, hat der Teilnehmer den Rechnungsbetrag in voller H\u00f6he auszugleichen.<\/span><\/p>\n<ul>\n<li><span style=\"font-family: verdana, geneva; font-size: 16pt;\"><strong> 5 Stornierung durch den Teilnehmer<br \/>\n<\/strong><\/span><br \/>\n<span style=\"font-family: verdana, geneva; font-size: 16pt;\">(1) Die Stornierung eines Trainings durch den Teilnehmer kann nur bis sp\u00e4testens sechs Wochen vor Beginn des Trainings deklariert werden. Danach fallen 50% der Veranstaltungsgeb\u00fchr an. Wird die Stornierung weniger als zwei Wochen vor Trainingsbeginn erkl\u00e4rt, ist vorbehaltlich der nachfolgenden Abs\u00e4tze (3) und (4), die volle Trainingsgeb\u00fchr zu zahlen.<\/span><br \/>\n<span style=\"font-family: verdana, geneva; font-size: 16pt;\">Die Stornierung eines vereinbarten Termins im Rahmen eines Einzel-Coachings ist kostenfrei nur bis sp\u00e4testens zwei volle Tage vor dem Termin m\u00f6glich. Bei sp\u00e4terer Absage des Termins wird der jeweils vereinbarte Betrag in voller H\u00f6he f\u00e4llig.<\/span><br \/>\n<span style=\"font-family: verdana, geneva; font-size: 16pt;\">Die Stornierung einer sonstigen Veranstaltung durch den Teilnehmer kann kostenfrei nur bis sp\u00e4testens 14 Tage vor Beginn der Veranstaltung erkl\u00e4rt werden. Danach fallen 50% der Veranstaltungsgeb\u00fchr an. Wird die Stornierung weniger als zwei volle Tage vor Veranstaltungsbeginn erkl\u00e4rt, ist vorbehaltlich der nachfolgenden Abs\u00e4tze (3) und (4), die volle Veranstaltungsgeb\u00fchr zu zahlen.<\/span><br \/>\n<span style=\"font-family: verdana, geneva; font-size: 16pt;\">(2) Die Stornierung einer Veranstaltung nach Abs. (1) hat schriftlich oder in Textform (per E-Mail) zu erfolgen. Ma\u00dfgeblich f\u00fcr die Einhaltung der in Abs. (1) genannten Fristen ist der Zugang der Erkl\u00e4rung beim Veranstalter.<\/span><br \/>\n<span style=\"font-family: verdana, geneva; font-size: 16pt;\">(3) Bei nicht rechtzeitiger Stornierung fallen Veranstaltungsgeb\u00fchren nicht an, wenn der durch die Stornierung freiwerdende Platz durch eine Anmeldung von der Warteliste neu besetzt wird.<\/span><br \/>\n<span style=\"font-family: verdana, geneva; font-size: 16pt;\">(4) Bei nicht rechtzeitiger Stornierung fallen Veranstaltungsgeb\u00fchren auch dann nicht an, wenn der Teilnehmer einen Ersatzteilnehmer benennt, der sich verbindlich zur Teilnahme an der betreffenden Veranstaltung verpflichtet und die Teilnahmevoraussetzungen erf\u00fcllt. Der Ersatzteilnehmer hat sich in diesem Fall sp\u00e4testens zwei volle Tage vor Beginn der Veranstaltung beim Veranstalter zu melden. Der Veranstalter beh\u00e4lt sich vor, eine Teilnahme des Ersatzteilnehmers aus sachlichen Gr\u00fcnden abzulehnen. Lehnt der Veranstalter die Teilnahme des Ersatzteilnehmers ab oder zahlt der Ersatzteilnehmer die Veranstaltungsgeb\u00fchr nicht, bleibt der Teilnehmer zur Zahlung gem\u00e4\u00df Abs. (1) verpflichtet.<\/span><br \/>\n<span style=\"font-family: verdana, geneva; font-size: 16pt;\">(5) Der Veranstalter empfiehlt den Abschluss einer Seminar- oder Reiser\u00fccktrittsversicherung, die im Falle einer nicht rechtzeitigen Stornierung die Veranstaltungsgeb\u00fchr sowie Reise- und \u00dcbernachtungskosten erstattet.<\/span><\/li>\n<li><\/li>\n<li><span style=\"font-family: verdana, geneva; font-size: 16pt;\"><strong> 6 Stornierung durch den Veranstalter<br \/>\n<\/strong><\/span><br \/>\n<span style=\"font-family: verdana, geneva; font-size: 16pt;\">(1) Der Veranstalter kann eine Veranstaltung aus wichtigem Grund stornieren. Ein wichtiger Grund liegt z.B. vor, wenn die angegebene Mindestteilnehmerzahl nicht erreicht wird, bei pl\u00f6tzlicher Erkrankung des Veranstalters, eines Trainers oder Referenten sowie in F\u00e4llen von h\u00f6herer Gewalt. Angemeldete Teilnehmer werden \u00fcber die Stornierung unverz\u00fcglich per E-Mail oder telefonisch in Kenntnis gesetzt. Bereits entrichtete Veranstaltungsgeb\u00fchren werden vom Veranstalter zur\u00fcckbezahlt, es sei denn, der Veranstalter einigt sich mit dem Teilnehmer auf die Durchf\u00fchrung von Ersatzterminen.<\/span><br \/>\n<span style=\"font-family: verdana, geneva; font-size: 16pt;\">(2) Bei laufenden Veranstaltungen beh\u00e4lt sich der Veranstalter vor, im Falle seiner Erkrankung oder anderer nicht vorhersehbarer Ereignisse Ersatztermine zu vereinbaren oder eine qualifizierte Vertretung einsetzen.<\/span><br \/>\n<span style=\"font-family: verdana, geneva; font-size: 16pt;\">(3) Die Geltendmachung von Schadensersatzanspr\u00fcchen gegen\u00fcber dem Veranstalter ist in den in den vorstehenden Abs\u00e4tzen (1) und (2) genannten F\u00e4llen ausgeschlossen.<\/span><br \/>\n<span style=\"font-family: verdana, geneva; font-size: 16pt;\">(4) Der Veranstalter empfiehlt den Abschluss einer Seminar- oder Reiser\u00fccktrittsversicherung, die die Veranstaltungsgeb\u00fchr sowie Reise- und \u00dcbernachtungskosten erstattet.<\/span><\/li>\n<li><\/li>\n<li><span style=\"font-family: verdana, geneva; font-size: 16pt;\"><strong> 7 Durchf\u00fchrung von Veranstaltungen<br \/>\n<\/strong><\/span><br \/>\n<span style=\"font-family: verdana, geneva; font-size: 16pt;\">(1) Der Veranstalter beh\u00e4lt sich vor, notwendige inhaltliche und organisatorische Modifikationen und Abweichungen vor oder w\u00e4hrend der Veranstaltungen durchzuf\u00fchren, soweit diese den Gesamtcharakter der Veranstaltung nicht signifikant ver\u00e4ndern.<\/span><br \/>\n<span style=\"font-family: verdana, geneva; font-size: 16pt;\">(2) Der Veranstalter beh\u00e4lt sich eine \u00c4nderung der schriftlich angek\u00fcndigten oder auf seiner Homepage ver\u00f6ffentlichten Termine und Zeiten sowie der Veranstaltungsorte vor, sofern noch keine von ihm best\u00e4tigten Anmeldungen vorliegen. Liegen bereits best\u00e4tigte Anmeldungen vor, werden dennoch erforderliche Modifikationen (z.B. bei kurzfristiger Absage eines gebuchten Veranstaltungsraumes) mit den angemeldeten Teilnehmern abgestimmt. Kann ein Teilnehmer aufgrund dieser erforderlichen \u00c4nderungen an der Veranstaltung nicht teilnehmen, wird die Veranstaltungsgeb\u00fchr erstattet.<\/span><br \/>\n<span style=\"font-family: verdana, geneva; font-size: 16pt;\">(3) Der Veranstalter ist berechtigt, die vorgesehenen Referenten (z.B. bei Krankheit) durch andere hinsichtlich des angek\u00fcndigten Themas gleicherma\u00dfen qualifizierte Referenten zu substituieren, wenn dies notwendig ist. Der Austausch eines Referenten oder Trainers berechtigt nicht zum R\u00fccktritt vom Vertrag \u00fcber die Teilnahme an der Veranstaltung.<\/span><br \/>\n<span style=\"font-family: verdana, geneva; font-size: 16pt;\">(4) Der Austausch und die Ver\u00e4nderung von Lehrmaterialien ohne vorherige Ank\u00fcndigung werden hiermit vorbehalten. Der Inhalt der Lehrmaterialien stellt geistiges Eigentum des Veranstalters oder Dritter dar und ist urheberrechtlich gesch\u00fctzt. Die im Rahmen einer Veranstaltung vom Veranstalter zur Verf\u00fcgung gestellten Lehrmaterialien d\u00fcrfen ohne vorherige schriftliche Zustimmung nicht an Dritte weitergegeben oder der \u00d6ffentlichkeit zug\u00e4nglich gemacht werden. Jede Vervielf\u00e4ltigung oder anderweitige Nutzung der Lehrmaterialien ist untersagt.<\/span><br \/>\n<span style=\"font-family: verdana, geneva; font-size: 16pt;\">(5) Der Veranstalter beh\u00e4lt sich das Recht vor, einzelne Teilnehmer aus wichtigen Gr\u00fcnden, z.B. wegen St\u00f6rung der Veranstaltung oder Nichtbeachtung der Anweisungen des Veranstaltungsleiters nicht zu einer Veranstaltung zuzulassen bzw. von der (weiteren) Teilnahme auszuschlie\u00dfen. Die Veranstaltungsgeb\u00fchren werden in diesem Fall nicht (auch nicht anteilig) erstattet.<\/span><br \/>\n<span style=\"font-family: verdana, geneva; font-size: 16pt;\">(6) Soweit nicht ausdr\u00fccklich anders vereinbart, haben die Teilnehmer f\u00fcr \u00dcbernachtungen und Verpflegung w\u00e4hrend der Dauer der Veranstaltung selbst Sorge zu tragen. Hierf\u00fcr anfallende Kosten sind in den Veranstaltungsgeb\u00fchren nicht enthalten.<\/span><\/li>\n<li><\/li>\n<li><span style=\"font-family: verdana, geneva; font-size: 16pt;\"><strong> 8 Datenschutz<br \/>\n<\/strong><\/span><br \/>\n<span style=\"font-family: verdana, geneva; font-size: 16pt;\">(1) Der Teilnehmer stimmt mit seiner Anmeldung der Verarbeitung und Speicherung seiner f\u00fcr die Teilnahme sowie f\u00fcr organisatorische Zwecke erforderlichen personenbezogenen Daten durch den Veranstalter zu. Anzugeben sind im Rahmen der Anmeldung der volle Name des Teilnehmers, das Geburtsdatum, seine Adresse sowie die Telefonnummer und E-Mail-Adresse.<\/span><br \/>\n<span style=\"font-family: verdana, geneva; font-size: 16pt;\">(2) Die Verarbeitung personenbezogener Daten durch den Veranstalter erfolgt im Einklang mit den anwendbaren Datenschutzbestimmungen der Datenschutzgrundverordnung und des Bundesdatenschutzgesetzes. Die in Abs. (1) genannten personenbezogenen Daten werden ausschlie\u00dflich zur Erf\u00fcllung des Vertrages, zur Durchf\u00fchrung der Veranstaltungen sowie zu Abrechnungszwecken verwendet. Eine Weitergabe personenbezogener Daten an Dritte erfolgt nicht.<\/span><br \/>\n<span style=\"font-family: verdana, geneva; font-size: 16pt;\">(3) Der Teilnehmer hat jederzeit die M\u00f6glichkeit, \u00fcber die von ihm gespeicherten Daten Auskunft zu erhalten sowie die L\u00f6schung dieser Daten zu verlangen. Weitere Informationen zur Datenerhebung, -verarbeitung und -nutzung sind aus der Datenschutzerkl\u00e4rung ersichtlich, die auf der Homepage des Veranstalters (www.marc-salzmann-marketing.de) abrufbar ist.<\/span><\/li>\n<li><\/li>\n<li><span style=\"font-family: verdana, geneva; font-size: 16pt;\"><strong> 9 Haftung<br \/>\n<\/strong><\/span><br \/>\n<span style=\"font-family: verdana, geneva; font-size: 16pt;\">(1) Durch seine Anmeldung best\u00e4tigt der Teilnehmer, dass er geistig und k\u00f6rperlich in der Lage ist, an der Veranstaltung teilzunehmen. Die Teilnahme erfolgt auf eigene Gefahr. Wenn sich der Teilnehmer in \u00e4rztlicher oder therapeutischer Behandlung befindet, wird er gemeinsam mit seinem Arzt oder Therapeuten entscheiden, ob eine Teilnahme an der Veranstaltung m\u00f6glich ist. Die Veranstaltungen, die Seminarkonzepte und Trainingsinhalte, als auch die Einzel-\/Online-Coachings stellen keine medizinischen oder psychotherapeutischen Behandlungen dar. Diese sind nicht geeignet, um psychische Erkrankungen aufzuarbeiten oder zu heilen. Die Teilnahme an den Seminaren, Trainings bzw. Coachings erfolgt freiwillig und voll eigenverantwortlich.<\/span><br \/>\n<span style=\"font-family: verdana, geneva; font-size: 16pt;\">(2) Ungeachtet des Rechtsgrundes haftet der Veranstalter nicht f\u00fcr Sch\u00e4den des Teilnehmers, die durch einfache Fahrl\u00e4ssigkeit des Veranstalters, ihrer Angestellten oder Erf\u00fcllungsgehilfen verursacht wurden.<\/span><br \/>\n<span style=\"font-family: verdana, geneva; font-size: 16pt;\">(3) In Abweichung von \u00a7 9 (2) haftet der Veranstalter auch f\u00fcr nur einfach fahrl\u00e4ssige Verletzungen wesentlicher Vertragspflichten, deren Erf\u00fcllung die ordnungsgem\u00e4\u00dfe Durchf\u00fchrung des Vertrages erst erm\u00f6glicht und auf deren Erf\u00fcllung der Teilnehmer somit regelm\u00e4\u00dfig vertrauen darf (Kardinalpflichten), jedoch der H\u00f6he nach beschr\u00e4nkt auf die bei Vertragsschluss vorhersehbaren und vertragstypischen Sch\u00e4den.<\/span><br \/>\n<span style=\"font-family: verdana, geneva; font-size: 16pt;\">(4) S\u00e4mtliche Haftungsausschl\u00fcsse und Haftungsbegrenzungen in diesen AGB gelten nicht f\u00fcr (i) Schadenersatzanspr\u00fcche nach dem Produkthaftungsgesetz oder aufgrund anderer zwingender gesetzlicher Haftungstatbest\u00e4nde, (ii) die Haftung f\u00fcr Sch\u00e4den aus der Verletzung des Lebens, des K\u00f6rpers oder der Gesundheit, (iii) die Haftung f\u00fcr vors\u00e4tzliche oder grob fahrl\u00e4ssige Pflichtverletzungen, und (iv) die Haftung f\u00fcr die \u00dcbernahme einer Garantie oder eines Beschaffungsrisikos, das Fehlen zugesicherter Eigenschaften, die Einhaltung verbindlich zugesagter Termine oder arglistig verschwiegene M\u00e4ngel.<\/span><\/li>\n<li><\/li>\n<li><span style=\"font-family: verdana, geneva; font-size: 16pt;\"><strong> 10 Allgemeine Bestimmungen<br \/>\n<\/strong><\/span><br \/>\n<span style=\"font-family: verdana, geneva; font-size: 16pt;\">(1) \u00c4nderungen und Erg\u00e4nzungen von Vereinbarungen zwischen dem Veranstalter und dem Teilnehmer sollen schriftlich erfolgen. Individuelle Vertragsabreden (\u00a7 305b BGB) haben jedoch Vorrang vor diesen AGB.<\/span><br \/>\n<span style=\"font-family: verdana, geneva; font-size: 16pt;\">(2) Sollten einzelne Bestimmungen einer Vereinbarung zwischen dem Veranstalter und dem Teilnehmer unwirksam oder undurchf\u00fchrbar sein oder werden, werden alle unwirksamen oder undurchf\u00fchrbaren Bestimmungen r\u00fcckwirkend durch wirksame und durchf\u00fchrbare Bestimmungen ersetzt, die hinsichtlich des Inhalts und des wirtschaftlichen Zwecks den urspr\u00fcnglichen Bestimmungen so nahe wie m\u00f6glich kommen. Im \u00dcbrigen gelten die gesetzlichen Vorschriften.<\/span><br \/>\n<span style=\"font-family: verdana, geneva; font-size: 16pt;\">Auf die vertraglichen Beziehungen zwischen dem Veranstalter und dem Teilnehmer findet deutsches Recht Anwendung.<\/span><\/li>\n<\/ul>\n","protected":false},"excerpt":{"rendered":"<p>&nbsp; Allgemeine Gesch\u00e4ftsbedingungen Marc Salzmann Marketing (Stand: 08\/2025) 1 Geltungsbereich S\u00e4mtlichen Vertr\u00e4gen zwischen Marc Salzmann Marketing, Sk\u00e5rtaryd P\u00e5lsg\u00e5rd 1 36391 Bra\u00e5s Schweden (nachfolgend \u201eVeranstalter\u201c) und dem Teilnehmer \u00fcber die Teilnahme an Veranstaltungen liegen diese Allgemeinen Gesch\u00e4ftsbedingungen (AGB) zugrunde. 2 Anmeldung und Vertragsschluss (1) Der Veranstalter offeriert die folgenden Arten von Veranstaltungen: \u2022 Training (Dauer: individuelle&hellip;<\/p>\n","protected":false},"author":1,"featured_media":0,"parent":0,"menu_order":0,"comment_status":"closed","ping_status":"closed","template":"","meta":{"footnotes":""},"class_list":["post-379","page","type-page","status-publish","hentry"],"_links":{"self":[{"href":"https:\/\/www.marc-salzmann-marketing.de\/index.php?rest_route=\/wp\/v2\/pages\/379","targetHints":{"allow":["GET"]}}],"collection":[{"href":"https:\/\/www.marc-salzmann-marketing.de\/index.php?rest_route=\/wp\/v2\/pages"}],"about":[{"href":"https:\/\/www.marc-salzmann-marketing.de\/index.php?rest_route=\/wp\/v2\/types\/page"}],"author":[{"embeddable":true,"href":"https:\/\/www.marc-salzmann-marketing.de\/index.php?rest_route=\/wp\/v2\/users\/1"}],"replies":[{"embeddable":true,"href":"https:\/\/www.marc-salzmann-marketing.de\/index.php?rest_route=%2Fwp%2Fv2%2Fcomments&post=379"}],"version-history":[{"count":6,"href":"https:\/\/www.marc-salzmann-marketing.de\/index.php?rest_route=\/wp\/v2\/pages\/379\/revisions"}],"predecessor-version":[{"id":834,"href":"https:\/\/www.marc-salzmann-marketing.de\/index.php?rest_route=\/wp\/v2\/pages\/379\/revisions\/834"}],"wp:attachment":[{"href":"https:\/\/www.marc-salzmann-marketing.de\/index.php?rest_route=%2Fwp%2Fv2%2Fmedia&parent=379"}],"curies":[{"name":"wp","href":"https:\/\/api.w.org\/{rel}","templated":true}]}}