{"id":306,"date":"2021-04-14T12:02:39","date_gmt":"2021-04-14T10:02:39","guid":{"rendered":"http:\/\/www.marc-salzmann-marketing.de\/?page_id=306"},"modified":"2021-09-15T01:42:12","modified_gmt":"2021-09-14T23:42:12","slug":"mein-weg-zur-fuehrungskraft","status":"publish","type":"page","link":"https:\/\/www.marc-salzmann-marketing.de\/?page_id=306","title":{"rendered":"Mein Weg zur F\u00fchrungskraft"},"content":{"rendered":"<p>&nbsp;<\/p>\n<p><span style=\"font-family: verdana, geneva; font-size: 16pt;\"><strong>Wer oft zur F\u00fchrungskraft erhoben wird und warum<\/strong><\/span><\/p>\n<p><span style=\"font-family: verdana, geneva; font-size: 16pt;\">In der Praxis kann man oft ein Ph\u00e4nomen beobachten: Ein Mitarbeiter schl\u00e4gt sich gut in seiner Position und wird zur F\u00fchrungskraft bef\u00f6rdert. Oder jemand wird bef\u00f6rdert, weil intern niemand anderes da ist. Oder er gelangt an die Spitze, weil er eines hat: Den Willen zur Macht (manchmal gepaart mit einer gewissen R\u00fccksichtslosgkeit). Dies alles bedeutet aber h\u00e4ufig, dass F\u00fchrungskr\u00e4fte nicht f\u00fchren, weil sie es gelernt haben oder dazu f\u00e4hig sind, sondern vielmehr <\/span><\/p>\n<p><span style=\"font-family: verdana, geneva; font-size: 16pt;\"><strong>weil sie da sind<\/strong>.<\/span><\/p>\n<p>&nbsp;<\/p>\n<div id=\"attachment_406\" style=\"width: 1034px\" class=\"wp-caption alignright\"><img loading=\"lazy\" decoding=\"async\" aria-describedby=\"caption-attachment-406\" class=\"wp-image-406 size-large\" src=\"https:\/\/www.marc-salzmann-marketing.de\/wp-content\/uploads\/2021\/04\/people-1979261_1920-1024x683.jpg\" alt=\"\" width=\"1024\" height=\"683\" \/><p id=\"caption-attachment-406\" class=\"wp-caption-text\"><span style=\"font-family: verdana, geneva; font-size: 16pt;\">Lernen Sie, positiv zu f\u00fchren<\/span><\/p><\/div>\n<p><span style=\"font-family: verdana, geneva; font-size: 16pt;\">Manchem kann man dies nochnichteinmal zum Vorwurf machen &#8211; er hat es schlichtweg nicht gelernt, f\u00fchlt sich gar \u00fcberfordert. Und richtet zuweilen sogar viel Schaden an. Das kann weder im Sinne des Menschen, noch des Unternehmens sein.<\/span><\/p>\n<p>&nbsp;<\/p>\n<p><span style=\"font-family: verdana, geneva; font-size: 16pt;\"><strong>Machen Sie es besser!<\/strong><\/span><\/p>\n<p><span style=\"font-family: verdana, geneva; font-size: 16pt;\">Damit Sie besser auf Ihre F\u00fchrungsposition vorbereitet sind, habe ich das zweit\u00e4gige Einsteigerseminar &#8222;Mein Weg zur F\u00fchrungskraft&#8220; kreiert. Ich zeige Ihnen hier das notwendige theoretische Grundger\u00fcst auf und verbinde dieses mit vielen praktischen \u00dcbungen. Diese praktischen Anteile erhalten einen gro\u00dfen Raum im Seminar. Ziel ist es, dass Sie Ihren St\u00e4rken und Schw\u00e4chen erkennen und Ihren pers\u00f6nlichen Stil kreieren. Meine Erfahrungen als F\u00fchrungskraft und meine p\u00e4dagogischen Kompetenzen helfen Ihnen, Ihren Weg zu gehen.<\/span><\/p>\n<p>&nbsp;<\/p>\n<p><span style=\"font-family: verdana, geneva; font-size: 16pt;\">Auf Wunsch biete ich Ihnen nach dem Seminar F\u00fchrungskr\u00e4ftecoachings an, um sie in den Alltag hinein zu begleiten.<\/span><\/p>\n<p>&nbsp;<\/p>\n<p><span style=\"font-family: verdana, geneva; font-size: 16pt;\"><strong>Preise<\/strong><\/span><\/p>\n<p><span style=\"font-family: verdana, geneva; font-size: 16pt;\">auf Anfrage<\/span><\/p>\n<p>&nbsp;<\/p>\n<p><span style=\"font-family: verdana, geneva; font-size: 16pt;\"><strong>Buchung<\/strong><\/span><\/p>\n<p><span style=\"font-family: verdana, geneva; font-size: 16pt;\">Schreiben Sie mir einfach eine email unter<a href=\"mailto:office@marc-salzmann-marketing.de\"> office@marc-salzmann-marketing.de<\/a>, dann k\u00f6nnen wir die Einzelheiten und individuellen M\u00f6glichkeiten besprechen.<\/span><\/p>\n<p>&nbsp;<\/p>\n<p>&nbsp;<\/p>\n","protected":false},"excerpt":{"rendered":"<p>&nbsp; Wer oft zur F\u00fchrungskraft erhoben wird und warum In der Praxis kann man oft ein Ph\u00e4nomen beobachten: Ein Mitarbeiter schl\u00e4gt sich gut in seiner Position und wird zur F\u00fchrungskraft bef\u00f6rdert. Oder jemand wird bef\u00f6rdert, weil intern niemand anderes da ist. Oder er gelangt an die Spitze, weil er eines hat: Den Willen zur Macht&hellip;<\/p>\n","protected":false},"author":1,"featured_media":0,"parent":0,"menu_order":0,"comment_status":"closed","ping_status":"closed","template":"","meta":{"footnotes":""},"class_list":["post-306","page","type-page","status-publish","hentry"],"_links":{"self":[{"href":"https:\/\/www.marc-salzmann-marketing.de\/index.php?rest_route=\/wp\/v2\/pages\/306","targetHints":{"allow":["GET"]}}],"collection":[{"href":"https:\/\/www.marc-salzmann-marketing.de\/index.php?rest_route=\/wp\/v2\/pages"}],"about":[{"href":"https:\/\/www.marc-salzmann-marketing.de\/index.php?rest_route=\/wp\/v2\/types\/page"}],"author":[{"embeddable":true,"href":"https:\/\/www.marc-salzmann-marketing.de\/index.php?rest_route=\/wp\/v2\/users\/1"}],"replies":[{"embeddable":true,"href":"https:\/\/www.marc-salzmann-marketing.de\/index.php?rest_route=%2Fwp%2Fv2%2Fcomments&post=306"}],"version-history":[{"count":17,"href":"https:\/\/www.marc-salzmann-marketing.de\/index.php?rest_route=\/wp\/v2\/pages\/306\/revisions"}],"predecessor-version":[{"id":766,"href":"https:\/\/www.marc-salzmann-marketing.de\/index.php?rest_route=\/wp\/v2\/pages\/306\/revisions\/766"}],"wp:attachment":[{"href":"https:\/\/www.marc-salzmann-marketing.de\/index.php?rest_route=%2Fwp%2Fv2%2Fmedia&parent=306"}],"curies":[{"name":"wp","href":"https:\/\/api.w.org\/{rel}","templated":true}]}}