{"id":296,"date":"2021-04-14T11:52:10","date_gmt":"2021-04-14T09:52:10","guid":{"rendered":"http:\/\/www.marc-salzmann-marketing.de\/?page_id=296"},"modified":"2021-09-15T01:41:11","modified_gmt":"2021-09-14T23:41:11","slug":"ich-will-wachsen-coaching-und-kampfkunst-als-motor-ihrer-persoenlichen-entwicklung","status":"publish","type":"page","link":"https:\/\/www.marc-salzmann-marketing.de\/?page_id=296","title":{"rendered":"Ich will wachsen &#8211; Coaching und Kampfkunst als Motor Ihrer pers\u00f6nlichen Entwicklung"},"content":{"rendered":"<p>&nbsp;<\/p>\n<p><span style=\"font-family: verdana, geneva; font-size: 16pt;\"><strong>Kampfkunst und Coaching?<\/strong><\/span><\/p>\n<p><span style=\"font-family: verdana, geneva; font-size: 16pt;\">Seit 1989 betreibe ich Kampfkunst, insbesondere Karate-Do und bin auch seit vielen Jahren lizensierter Trainer im Karate. Kampfkunst und der Weg, &#8222;Do&#8220; genannt, sind wesentliche Bestandteile meines Lebens geworden. Kampfkunst f\u00f6rdert ganz verschiedene Eigenarten einer Pers\u00f6nlichkeit wie Zielstrebigkeit, Durchhalteverm\u00f6gen, Willenskraft etc. Diese Werte und Charakterz\u00fcge als auch die \u00dcbungen in den Kampfk\u00fcnsten eignen sich aber hervorragend f\u00fcr ein Coaching zur Pers\u00f6nlichkeitsentwicklung.<\/span><\/p>\n<p>&nbsp;<\/p>\n<div id=\"attachment_454\" style=\"width: 899px\" class=\"wp-caption aligncenter\"><img loading=\"lazy\" decoding=\"async\" aria-describedby=\"caption-attachment-454\" class=\"wp-image-454 size-large\" src=\"https:\/\/www.marc-salzmann-marketing.de\/wp-content\/uploads\/2021\/04\/DSCI0436geschnitten-889x1024.jpg\" alt=\"\" width=\"889\" height=\"1024\" srcset=\"https:\/\/www.marc-salzmann-marketing.de\/wp-content\/uploads\/2021\/04\/DSCI0436geschnitten-889x1024.jpg 889w, https:\/\/www.marc-salzmann-marketing.de\/wp-content\/uploads\/2021\/04\/DSCI0436geschnitten-260x300.jpg 260w, https:\/\/www.marc-salzmann-marketing.de\/wp-content\/uploads\/2021\/04\/DSCI0436geschnitten-768x885.jpg 768w, https:\/\/www.marc-salzmann-marketing.de\/wp-content\/uploads\/2021\/04\/DSCI0436geschnitten-1333x1536.jpg 1333w, https:\/\/www.marc-salzmann-marketing.de\/wp-content\/uploads\/2021\/04\/DSCI0436geschnitten-1777x2048.jpg 1777w, https:\/\/www.marc-salzmann-marketing.de\/wp-content\/uploads\/2021\/04\/DSCI0436geschnitten.jpg 1944w\" sizes=\"auto, (max-width: 889px) 100vw, 889px\" \/><p id=\"caption-attachment-454\" class=\"wp-caption-text\"><\/span> <span style=\"font-family: verdana, geneva; font-size: 16pt;\">Kampfkunst und Coaching als Pfad f\u00fcr Ihre berufliche oder private Entwicklung<\/span><\/p><\/div>\n<p>&nbsp;<\/p>\n<p><span style=\"font-family: verdana, geneva; font-size: 16pt;\"><strong>Sich kennen lernen und ver\u00e4ndern als Idee<\/strong><\/span><\/p>\n<p><span style=\"font-family: verdana, geneva; font-size: 16pt;\">Das Seminar hat das Ziel, Ihnen in einem besonderen Rahmen die Ruhe zur Selbstreflexion zu geben und Ihnen einen Ver\u00e4nderungsimpuls f\u00fcr die eigene Pers\u00f6nlichkeit zu vermitteln. Mit anderen Worten: Die pers\u00f6nliche Entwicklung und Selbst-Erfahrung, egal ob Sie als F\u00fchrungskraft oder als Privatperson neue Wege einschlagen wollen, steht im Vordergrund.<\/span><\/p>\n<p>&nbsp;<\/p>\n<p><span style=\"font-family: verdana, geneva; font-size: 16pt;\">Typische Inhalte von Coachings wie &#8222;der flow&#8220;, Achtsamkeit, Resilienz, das Sp\u00fcren von sich selbst und von anderen, Selbstbeobachtung, der Aufbau von Selbstvertrauen und Standfestigkeit, self leadership etc. zeige ich Ihnen in meinem zweit\u00e4gigen Seminar in Verbindung mit der Kampfkunst. Hierbei gehe ich auch auf Tierstile, Elemente und die Geschichte der Kampfk\u00fcnste ein. Das Seminar beinhaltet sportliche Bewegungs- und Konzentrations-\u00dcbungen, die aber auch von Nichtsportlern ohne Probleme umgesetzt werden k\u00f6nnen. Und nein: Niemand muss ein Brett durchschlagen, keine Angst!<\/span><\/p>\n<p>&nbsp;<\/p>\n<p><span style=\"font-family: verdana, geneva; font-size: 16pt;\"><strong>Preise<\/strong><\/span><\/p>\n<p><span style=\"font-family: verdana, geneva; font-size: 16pt;\">auf Anfrage<\/span><\/p>\n<p>&nbsp;<\/p>\n<p><span style=\"font-family: verdana, geneva; font-size: 16pt;\"><strong>Buchung<\/strong><\/span><\/p>\n<p><span style=\"font-family: verdana, geneva; font-size: 16pt;\">Schreiben Sie mir einfach eine email unter <a href=\"mailto:office@marc-salzmann-marketing.de\">office@marc-salzmann-marketing.de<\/a>, dann k\u00f6nnen wir die Einzelheiten und individuellen M\u00f6glichkeiten besprechen.<\/span><\/p>\n<p>&nbsp;<\/p>\n<p><span style=\"font-family: verdana, geneva; font-size: 16pt;\">Gern k\u00f6nnen Sie auch individuelle Trainings im Karate und der Selbstverteidigung bei mir buchen \u00fcber mein Projekt <a href=\"http:\/\/www.der-weg-der-leeren-haende.de\"><strong>&#8222;Der Weg der leeren H\u00e4nde&#8220;<\/strong><\/a><\/span><\/p>\n","protected":false},"excerpt":{"rendered":"<p>&nbsp; Kampfkunst und Coaching? Seit 1989 betreibe ich Kampfkunst, insbesondere Karate-Do und bin auch seit vielen Jahren lizensierter Trainer im Karate. Kampfkunst und der Weg, &#8222;Do&#8220; genannt, sind wesentliche Bestandteile meines Lebens geworden. Kampfkunst f\u00f6rdert ganz verschiedene Eigenarten einer Pers\u00f6nlichkeit wie Zielstrebigkeit, Durchhalteverm\u00f6gen, Willenskraft etc. Diese Werte und Charakterz\u00fcge als auch die \u00dcbungen in den&hellip;<\/p>\n","protected":false},"author":1,"featured_media":0,"parent":0,"menu_order":0,"comment_status":"closed","ping_status":"closed","template":"","meta":{"footnotes":""},"class_list":["post-296","page","type-page","status-publish","hentry"],"_links":{"self":[{"href":"https:\/\/www.marc-salzmann-marketing.de\/index.php?rest_route=\/wp\/v2\/pages\/296","targetHints":{"allow":["GET"]}}],"collection":[{"href":"https:\/\/www.marc-salzmann-marketing.de\/index.php?rest_route=\/wp\/v2\/pages"}],"about":[{"href":"https:\/\/www.marc-salzmann-marketing.de\/index.php?rest_route=\/wp\/v2\/types\/page"}],"author":[{"embeddable":true,"href":"https:\/\/www.marc-salzmann-marketing.de\/index.php?rest_route=\/wp\/v2\/users\/1"}],"replies":[{"embeddable":true,"href":"https:\/\/www.marc-salzmann-marketing.de\/index.php?rest_route=%2Fwp%2Fv2%2Fcomments&post=296"}],"version-history":[{"count":16,"href":"https:\/\/www.marc-salzmann-marketing.de\/index.php?rest_route=\/wp\/v2\/pages\/296\/revisions"}],"predecessor-version":[{"id":764,"href":"https:\/\/www.marc-salzmann-marketing.de\/index.php?rest_route=\/wp\/v2\/pages\/296\/revisions\/764"}],"wp:attachment":[{"href":"https:\/\/www.marc-salzmann-marketing.de\/index.php?rest_route=%2Fwp%2Fv2%2Fmedia&parent=296"}],"curies":[{"name":"wp","href":"https:\/\/api.w.org\/{rel}","templated":true}]}}