{"id":294,"date":"2021-04-14T11:43:50","date_gmt":"2021-04-14T09:43:50","guid":{"rendered":"http:\/\/www.marc-salzmann-marketing.de\/?page_id=294"},"modified":"2021-09-15T01:40:49","modified_gmt":"2021-09-14T23:40:49","slug":"seminare","status":"publish","type":"page","link":"https:\/\/www.marc-salzmann-marketing.de\/?page_id=294","title":{"rendered":"Seminare"},"content":{"rendered":"<p>&nbsp;<\/p>\n<p><span style=\"font-size: 16pt;\">Liebe Leser,<\/span><\/p>\n<p>&nbsp;<\/p>\n<p><span style=\"font-size: 16pt;\">Meine Texte \u00fcber die Seminare sind auf der Website bewu\u00dft knapp gehalten. Die genauen Inhalte, Preise, Zeitr\u00e4ume, Modalit\u00e4ten etc. teile ich Ihnen gerne auf Anfrage unter <a href=\"mailto:office@marc-salzmann-marketing.de\">office@marc-salzmann-marketing.de<\/a> in Form eines konkreten Angebotes mit.<\/span><\/p>\n<p>&nbsp;<\/p>\n<p><span style=\"color: #00ff00; font-size: 16pt;\"><strong>Information zur aktuellen Corona-Situation:<\/strong><\/span><\/p>\n<p><span style=\"color: #00ff00; font-size: 16pt;\"><strong>Sehr geehrte Leser,<\/strong><\/span><\/p>\n<p><span style=\"color: #00ff00; font-size: 16pt;\">Wenn Sie Coachings, Beratungen und Seminare in Pr\u00e4senzform w\u00fcnschen und dies situationsbedingt erlaubt ist, werde ich alle gesetzlichen Vorgaben zu Hygiene- und Sicherheitsma\u00dfnahmen gew\u00e4hrleisten. Alle Leistungen werde ich in ad\u00e4quat gro\u00dfen R\u00e4umen mit ausreichendem Sitzabstand und angenehmer Bel\u00fcftung sowie insgesamt unter Beachtung der \u00fcblichen AHA-Regeln anbieten. Es werden Mund-Nasen-Bedeckungen und ausreichend Handdesinfektionsmittel vorhanden sein.<\/span><\/p>\n<p>&nbsp;<\/p>\n","protected":false},"excerpt":{"rendered":"<p>&nbsp; Liebe Leser, &nbsp; Meine Texte \u00fcber die Seminare sind auf der Website bewu\u00dft knapp gehalten. Die genauen Inhalte, Preise, Zeitr\u00e4ume, Modalit\u00e4ten etc. teile ich Ihnen gerne auf Anfrage unter office@marc-salzmann-marketing.de in Form eines konkreten Angebotes mit. &nbsp; Information zur aktuellen Corona-Situation: Sehr geehrte Leser, Wenn Sie Coachings, Beratungen und Seminare in Pr\u00e4senzform w\u00fcnschen und&hellip;<\/p>\n","protected":false},"author":1,"featured_media":0,"parent":0,"menu_order":0,"comment_status":"closed","ping_status":"closed","template":"","meta":{"footnotes":""},"class_list":["post-294","page","type-page","status-publish","hentry"],"_links":{"self":[{"href":"https:\/\/www.marc-salzmann-marketing.de\/index.php?rest_route=\/wp\/v2\/pages\/294","targetHints":{"allow":["GET"]}}],"collection":[{"href":"https:\/\/www.marc-salzmann-marketing.de\/index.php?rest_route=\/wp\/v2\/pages"}],"about":[{"href":"https:\/\/www.marc-salzmann-marketing.de\/index.php?rest_route=\/wp\/v2\/types\/page"}],"author":[{"embeddable":true,"href":"https:\/\/www.marc-salzmann-marketing.de\/index.php?rest_route=\/wp\/v2\/users\/1"}],"replies":[{"embeddable":true,"href":"https:\/\/www.marc-salzmann-marketing.de\/index.php?rest_route=%2Fwp%2Fv2%2Fcomments&post=294"}],"version-history":[{"count":10,"href":"https:\/\/www.marc-salzmann-marketing.de\/index.php?rest_route=\/wp\/v2\/pages\/294\/revisions"}],"predecessor-version":[{"id":763,"href":"https:\/\/www.marc-salzmann-marketing.de\/index.php?rest_route=\/wp\/v2\/pages\/294\/revisions\/763"}],"wp:attachment":[{"href":"https:\/\/www.marc-salzmann-marketing.de\/index.php?rest_route=%2Fwp%2Fv2%2Fmedia&parent=294"}],"curies":[{"name":"wp","href":"https:\/\/api.w.org\/{rel}","templated":true}]}}