{"id":292,"date":"2021-04-14T11:43:25","date_gmt":"2021-04-14T09:43:25","guid":{"rendered":"http:\/\/www.marc-salzmann-marketing.de\/?page_id=292"},"modified":"2021-09-15T01:40:32","modified_gmt":"2021-09-14T23:40:32","slug":"schulungen","status":"publish","type":"page","link":"https:\/\/www.marc-salzmann-marketing.de\/?page_id=292","title":{"rendered":"Schulungen"},"content":{"rendered":"<p>&nbsp;<\/p>\n<p><span style=\"font-family: verdana, geneva; font-size: 16pt;\"><strong>Wozu Schulungen?<\/strong><\/span><\/p>\n<p><span style=\"font-family: verdana, geneva; font-size: 16pt;\">Gut ausgebildete Mitarbeiter sind f\u00fcr Ihr Unternehmen ein signifikanter Erfolgsfaktor. Sie schaffen Entlastung f\u00fcr die F\u00fchrungskr\u00e4fte, Stabilit\u00e4t in der Krise, kreative L\u00f6sungen bei Problemen und generieren eine h\u00f6here Leistung, sei es im Aufbau von Kundenbeziehungen oder dem Erwirtschaften von Ums\u00e4tzen. Gern schule ich Ihre Mitarbeiter online oder komme zu Ihnen in die Firma oder Ihr Bildungsinstitut.<\/span><\/p>\n<p>&nbsp;<\/p>\n<p><span style=\"font-family: verdana, geneva; font-size: 16pt;\"><strong>Welche Bereiche schule ich?<\/strong><\/span><\/p>\n<p><span style=\"font-family: verdana, geneva; font-size: 16pt;\">Meine wesentlichen Kernbereiche sind<\/span><\/p>\n<p>&nbsp;<\/p>\n<ul>\n<li><span style=\"font-family: verdana, geneva; font-size: 16pt;\">Personal<\/span><\/li>\n<li><span style=\"font-family: verdana, geneva; font-size: 16pt;\">Marketing<\/span><\/li>\n<li><span style=\"font-family: verdana, geneva; font-size: 16pt;\">Unternehmensf\u00fchrung (inkl. Tourismus und Event)<\/span><\/li>\n<li><span style=\"font-family: verdana, geneva; font-size: 16pt;\">F\u00fchrung und Kommunikation<\/span><\/li>\n<li><span style=\"font-family: verdana, geneva; font-size: 16pt;\">Individualpsychologie<\/span><\/li>\n<li><span style=\"font-family: verdana, geneva; font-size: 16pt;\">Selbstverteidigung<\/span><\/li>\n<\/ul>\n<p>&nbsp;<\/p>\n<p><span style=\"font-family: verdana, geneva; font-size: 16pt;\">Es w\u00fcrde den Rahmen sprengen, alle von mir durchgef\u00fchrten Kurse bzw. Schulf\u00e4cher hier aufzuf\u00fchren. Gern lasse ich Ihnen aber eine \u00dcbersicht auf Wunsch zukommen. Schreiben sie mir einfach eine email unter <a href=\"mailto:office@marc-salzmann-marketing.de\">office@marc-salzmann-marketing.de<\/a> !<\/span><\/p>\n<p>&nbsp;<\/p>\n<div id=\"attachment_353\" style=\"width: 1034px\" class=\"wp-caption aligncenter\"><img loading=\"lazy\" decoding=\"async\" aria-describedby=\"caption-attachment-353\" class=\"wp-image-353 size-large\" src=\"https:\/\/www.marc-salzmann-marketing.de\/wp-content\/uploads\/2021\/04\/people-2557399_1920-1024x682.jpg\" alt=\"\" width=\"1024\" height=\"682\" \/><p id=\"caption-attachment-353\" class=\"wp-caption-text\"><\/span> <span style=\"font-family: verdana, geneva; font-size: 16pt;\">praxisnahe Schulungen, die Spa\u00df machen &#8211; so lernt man am Besten!<\/span><\/p><\/div>\n<p>&nbsp;<\/p>\n<p><span style=\"font-family: verdana, geneva; font-size: 16pt;\"><strong>Meine Referenzen<\/strong><\/span><\/p>\n<p><span style=\"font-family: verdana, geneva; font-size: 16pt;\">Schulungen und Trainings zu geben ist wohl meine gr\u00f6\u00dfte St\u00e4rke und auch Freude. Zudem habe ich als stellvertretender Standortleiter einer Schule, als Fachbereichsleiter Wirtschaft und Koordinator Messe und Vertrieb besonders im Berufs- und Fachschulbereich und auch Fachmessen und Berufsparcours reichhaltige Erfahrungen gesammelt.<\/span><\/p>\n<p><span style=\"font-family: verdana, geneva; font-size: 16pt;\">Ich habe viele Jahre hunderte Teilnehmer und Sch\u00fcler in verschiedensten Bereichen in der eigenen Entwicklung begleitet, u.a. in<\/span><\/p>\n<p>&nbsp;<\/p>\n<ul>\n<li><span style=\"font-family: verdana, geneva; font-size: 16pt;\">der Erwachsenenbildung (z.B. in der Weiterbildung zum Managementassistenen IHK oder der Ausbildung zum Betriebswirt, Schulung f\u00fcr AEVO),<\/span><\/li>\n<li><span style=\"font-family: verdana, geneva; font-size: 16pt;\">der Ausbildung (z. B. zum B\u00fcrokaufmann oder zum kaufm\u00e4nnischen Assistenten)<\/span><\/li>\n<li><span style=\"font-family: verdana, geneva; font-size: 16pt;\">der Berufsschule (z.B. in den bereichen Wirtschaft, Kosmetik, Pflege u.v.m.)<\/span><\/li>\n<li><span style=\"font-family: verdana, geneva; font-size: 16pt;\">dem Fachgymnasium Technik<\/span><\/li>\n<li><span style=\"font-family: verdana, geneva; font-size: 16pt;\">der Universit\u00e4t<\/span><\/li>\n<li><span style=\"font-family: verdana, geneva; font-size: 16pt;\">dem Wiedereinstieg in den Berufsmarkt (z.B. \u00fcber vom Arbeitsamt gef\u00f6rderte Kurse)<\/span><\/li>\n<li><span style=\"font-family: verdana, geneva; font-size: 16pt;\">der Volkshochschule<\/span><\/li>\n<li><span style=\"font-family: verdana, geneva; font-size: 16pt;\">und im Unternehmen als Abteilungsleiter geschult.<\/span><\/li>\n<\/ul>\n<p>&nbsp;<\/p>\n<p><span style=\"font-family: verdana, geneva; font-size: 16pt;\">Dabei habe ich<\/span><\/p>\n<ul>\n<li><span style=\"font-family: verdana, geneva; font-size: 16pt;\">schulische Pr\u00fcfungen und Klausuren,<\/span><\/li>\n<li><span style=\"font-family: verdana, geneva; font-size: 16pt;\">m\u00fcndliche Pr\u00fcfungen,<\/span><\/li>\n<li><span style=\"font-family: verdana, geneva; font-size: 16pt;\">Examina,<\/span><\/li>\n<li><span style=\"font-family: verdana, geneva; font-size: 16pt;\">Haus-, Fach- und Abschlu\u00dfarbeiten und<\/span><\/li>\n<li><span style=\"font-family: verdana, geneva; font-size: 16pt;\">AEVO-Pr\u00fcfungen<\/span><\/li>\n<\/ul>\n<p>&nbsp;<\/p>\n<p><span style=\"font-family: verdana, geneva; font-size: 16pt;\">begleitet sowie abgenommen und mich regelm\u00e4\u00dfig p\u00e4dagogisch weitergebildet.<\/span><\/p>\n<p>&nbsp;<\/p>\n<p><span style=\"font-family: verdana, geneva; font-size: 16pt;\">Ich freue mich, auch Ihren Mitarbeitern oder Teilnehmern oder Sch\u00fclern die eigene Entwicklung zu erm\u00f6glichen!<\/span><\/p>\n<p>&nbsp;<\/p>\n<p><span style=\"font-family: verdana, geneva; font-size: 16pt;\"><strong>Preise<\/strong><\/span><\/p>\n<p><span style=\"font-family: verdana, geneva; font-size: 16pt;\">auf Anfrage<\/span><\/p>\n<p>&nbsp;<\/p>\n<p><span style=\"font-family: verdana, geneva; font-size: 16pt;\"><strong>Buchung<\/strong><\/span><\/p>\n<p><span style=\"font-family: verdana, geneva;\"><span style=\"font-size: 16pt;\">Schreiben Sie mir einfach eine email unter <a href=\"mailto:office@marc-salzmann-marketing.de\">office@marc-salzmann-marketing.de<\/a>. Ich trete dann mit Ihnen in Kontakt f\u00fcr die Details.<\/span><br \/>\n<\/span><\/p>\n","protected":false},"excerpt":{"rendered":"<p>&nbsp; Wozu Schulungen? Gut ausgebildete Mitarbeiter sind f\u00fcr Ihr Unternehmen ein signifikanter Erfolgsfaktor. Sie schaffen Entlastung f\u00fcr die F\u00fchrungskr\u00e4fte, Stabilit\u00e4t in der Krise, kreative L\u00f6sungen bei Problemen und generieren eine h\u00f6here Leistung, sei es im Aufbau von Kundenbeziehungen oder dem Erwirtschaften von Ums\u00e4tzen. Gern schule ich Ihre Mitarbeiter online oder komme zu Ihnen in die&hellip;<\/p>\n","protected":false},"author":1,"featured_media":0,"parent":0,"menu_order":0,"comment_status":"closed","ping_status":"closed","template":"","meta":{"footnotes":""},"class_list":["post-292","page","type-page","status-publish","hentry"],"_links":{"self":[{"href":"https:\/\/www.marc-salzmann-marketing.de\/index.php?rest_route=\/wp\/v2\/pages\/292","targetHints":{"allow":["GET"]}}],"collection":[{"href":"https:\/\/www.marc-salzmann-marketing.de\/index.php?rest_route=\/wp\/v2\/pages"}],"about":[{"href":"https:\/\/www.marc-salzmann-marketing.de\/index.php?rest_route=\/wp\/v2\/types\/page"}],"author":[{"embeddable":true,"href":"https:\/\/www.marc-salzmann-marketing.de\/index.php?rest_route=\/wp\/v2\/users\/1"}],"replies":[{"embeddable":true,"href":"https:\/\/www.marc-salzmann-marketing.de\/index.php?rest_route=%2Fwp%2Fv2%2Fcomments&post=292"}],"version-history":[{"count":26,"href":"https:\/\/www.marc-salzmann-marketing.de\/index.php?rest_route=\/wp\/v2\/pages\/292\/revisions"}],"predecessor-version":[{"id":762,"href":"https:\/\/www.marc-salzmann-marketing.de\/index.php?rest_route=\/wp\/v2\/pages\/292\/revisions\/762"}],"wp:attachment":[{"href":"https:\/\/www.marc-salzmann-marketing.de\/index.php?rest_route=%2Fwp%2Fv2%2Fmedia&parent=292"}],"curies":[{"name":"wp","href":"https:\/\/api.w.org\/{rel}","templated":true}]}}