{"id":198,"date":"2021-04-06T20:16:19","date_gmt":"2021-04-06T18:16:19","guid":{"rendered":"http:\/\/www.marc-salzmann-marketing.de\/?page_id=198"},"modified":"2021-09-15T01:38:14","modified_gmt":"2021-09-14T23:38:14","slug":"team-coaching","status":"publish","type":"page","link":"https:\/\/www.marc-salzmann-marketing.de\/?page_id=198","title":{"rendered":"Team-Coaching"},"content":{"rendered":"<p>&nbsp;<\/p>\n<p><span style=\"font-family: verdana, geneva; font-size: 16pt;\"><strong>Wie hei\u00dft es so sch\u00f6n? Das Ganze ist mehr als die Summe der Teile!<\/strong><\/span><\/p>\n<p><span style=\"font-family: verdana, geneva; font-size: 16pt;\">Das trifft auch auf\u00a0 Teams und Gruppen im beruflichem Alltag zu. Die &#8222;Teile&#8220; sind gewisserma\u00dfen die Mitarbeiter, F\u00fchrungskr\u00e4fte und Organisationsstrukturen etc. und das &#8222;Ganze&#8220; ist das ausgesch\u00f6pfte Potenzial, welches f\u00fcr die Firma Kundenbindung, Umsatz, Reputation, aber f\u00fcr den Menschen an sich auch Zufriedenheit, Gl\u00fcck und Erf\u00fcllung etc. bedeutet. Beim Team geht es also immer besonders um den Menschen!<br \/>\n<\/span><\/p>\n<p>&nbsp;<\/p>\n<p><span style=\"font-family: verdana, geneva; font-size: 16pt;\"><strong>F\u00fcr wen dieses Coaching sinnvoll ist<\/strong><\/span><\/p>\n<p><span style=\"font-family: verdana, geneva; font-size: 16pt;\">Das Coaching richtet sich an Unternehmen bzw. deren Mitarbeiter, die ihr Team voranbringen wollen.<br \/>\n<\/span><\/p>\n<p>&nbsp;<\/p>\n<div id=\"attachment_318\" style=\"width: 1034px\" class=\"wp-caption aligncenter\"><img loading=\"lazy\" decoding=\"async\" aria-describedby=\"caption-attachment-318\" class=\"wp-image-318 size-large\" src=\"https:\/\/www.marc-salzmann-marketing.de\/wp-content\/uploads\/2021\/04\/people-2569234_1920-1024x699.jpg\" alt=\"\" width=\"1024\" height=\"699\" \/><p id=\"caption-attachment-318\" class=\"wp-caption-text\"><\/span> <span style=\"font-family: verdana, geneva; font-size: 16pt;\">Ein gutes Team ist mehr als die halbe Miete<\/span><\/p><\/div>\n<p>&nbsp;<\/p>\n<p><span style=\"font-family: verdana, geneva; font-size: 16pt;\"><strong>Denn leider&#8230;<\/strong><\/span><\/p>\n<p><span style=\"font-family: verdana, geneva; font-size: 16pt;\">Nur leiden Firmen und Menschen h\u00e4ufig darunter, dass Konflikte die Leistung der Teams schw\u00e4chen oder F\u00fchrungskr\u00e4fte nicht die Kenntnisse besitzen, wie man Teams f\u00fchrt und wie man die Leistungsf\u00e4higkeit der Mitarbeiter nutzen kann. Die Folge k\u00f6nnen Verantwortungspingpong, Kollegenintrigen, Konfliktvermeidung durch F\u00fchrunsgkr\u00e4fte oder mangelndes Vertrauen und fehlende Kommunikation sein. Der Teamgeist entsteht erst gar nicht und kann seine wohltuende Wirkung nicht entfalten.<\/span><\/p>\n<p>&nbsp;<\/p>\n<p><span style=\"font-family: verdana, geneva; font-size: 16pt;\"><strong>Team-Coaching als Entwicklungschance<\/strong><\/span><\/p>\n<p><span style=\"font-family: verdana, geneva; font-size: 16pt;\">Ich helfe Ihnen bei Bedarf, die Strukturen oder auch Probleme Ihres Teams aufzudecken oder zu besprechen. Hierzu verwende ich klassische \u00dcbungen wie\u00a0 z.B. die Teamuhr etc..<\/span><\/p>\n<p><span style=\"font-family: verdana, geneva; font-size: 16pt;\">Einzel- und Gruppengespr\u00e4chemit Mitarbeitern und F\u00fchrungskr\u00e4ften, der Einsatz von Pers\u00f6nlichkeitsmodellen, Supervision, die Rollenbetrachtung der F\u00fchrungskr\u00e4fte oder die Verbesserung der Kommunikationsmuster im Team stellen M\u00f6glichkeiten dar, mit denen ich Ihnen Methoden an die Hand gebe, Ihre Prozesse zu verbessern.<\/span><\/p>\n<p><span style=\"font-family: verdana, geneva; font-size: 16pt;\">Hierzu kann auch geh\u00f6ren, mit dem Team Outdoor- oder Indoortrainings durchzuf\u00fchren und auch den Spa\u00df nicht zu kurz kommen zu lassen.<\/span><\/p>\n<p>&nbsp;<\/p>\n<p><span style=\"font-family: verdana, geneva; font-size: 16pt;\"><strong>Preise Inhouse<br \/>\n<\/strong><\/span><\/p>\n<p><span style=\"font-family: verdana, geneva; font-size: 16pt;\">900,- \u20ac zzgl. gesetzlicher MwSt. pro Tag<\/span><\/p>\n<p><span style=\"font-family: verdana, geneva; font-size: 16pt;\">1700,- \u20ac zzgl. gesetzlicher MwSt.-Tagestraining f\u00fcr ein 2-Tagescoaching<\/span><\/p>\n<p><span style=\"font-family: verdana, geneva; font-size: 16pt;\">Preise f\u00fcr Coachings Outdoor oder in meinen R\u00e4umlichkeiten auf Anfrage.<\/span><\/p>\n<p>&nbsp;<\/p>\n<p><span style=\"font-family: verdana, geneva; font-size: 16pt;\"><strong>Buchung<\/strong><\/span><\/p>\n<p><span style=\"font-family: verdana, geneva; font-size: 16pt;\">Bitte schreiben sie mich bei Interesse an unter <a href=\"mailto:office@marc-salzmann-marketing.de\">office@marc-salzmann-marketing.de<\/a> an, da wir Ihre W\u00fcnsche erst gemeinsam konkretisieren sollten, bevor wir zur Buchung und Vetragsgestaltung kommen.<\/span><\/p>\n<p>&nbsp;<\/p>\n<p><span style=\"font-family: verdana, geneva; font-size: 16pt;\"><strong>Das besondere Team-Coaching im Zeichen der Kampfkunst<br \/>\n<\/strong><\/span><\/p>\n<p><span style=\"font-family: verdana, geneva; font-size: 16pt;\">Kampfkunst eignet sich f\u00fcr vielerlei Anwendung im Coaching. Als besonderes Teamtraining biete ich Teamcochings in Verbindung mit Karate und Budo an. Diese Kurse sind relativ unabh\u00e4ngig von der sportlichen Fitness &#8211; man muss also kein Spitzensportler sein, um teilzunehmen, etwas Bewegung ist aber inkludiert.<\/span><\/p>\n<p>&nbsp;<\/p>\n<p><span style=\"font-family: verdana, geneva; font-size: 16pt;\"><strong>Preise<\/strong><\/span><\/p>\n<p><span style=\"font-family: verdana, geneva; font-size: 16pt;\">Preise auf Anfrage<\/span><\/p>\n<p>&nbsp;<\/p>\n<p><span style=\"font-family: verdana, geneva; font-size: 16pt;\"><strong>Buchung<\/strong><\/span><\/p>\n<p><span style=\"font-family: verdana, geneva; font-size: 16pt;\">Bitte schreiben Sie mich bei Interesse an unter office@marc-salzmann-marketing.de an, da wir Ihre W\u00fcnsche erst gemeinsam konkretisieren sollten, bevor wir zur Buchung und Vetragsgestaltung kommen.<\/span><\/p>\n<p>&nbsp;<\/p>\n<p><span style=\"font-family: verdana, geneva; font-size: 16pt;\">Gerne biete ich Teamtrainings und -workshops auch als Incentive auf Anfrage an.<\/span><\/p>\n<p>&nbsp;<\/p>\n<p>&nbsp;<\/p>\n","protected":false},"excerpt":{"rendered":"<p>&nbsp; Wie hei\u00dft es so sch\u00f6n? Das Ganze ist mehr als die Summe der Teile! Das trifft auch auf\u00a0 Teams und Gruppen im beruflichem Alltag zu. Die &#8222;Teile&#8220; sind gewisserma\u00dfen die Mitarbeiter, F\u00fchrungskr\u00e4fte und Organisationsstrukturen etc. und das &#8222;Ganze&#8220; ist das ausgesch\u00f6pfte Potenzial, welches f\u00fcr die Firma Kundenbindung, Umsatz, Reputation, aber f\u00fcr den Menschen an&hellip;<\/p>\n","protected":false},"author":1,"featured_media":0,"parent":0,"menu_order":0,"comment_status":"closed","ping_status":"closed","template":"","meta":{"footnotes":""},"class_list":["post-198","page","type-page","status-publish","hentry"],"_links":{"self":[{"href":"https:\/\/www.marc-salzmann-marketing.de\/index.php?rest_route=\/wp\/v2\/pages\/198","targetHints":{"allow":["GET"]}}],"collection":[{"href":"https:\/\/www.marc-salzmann-marketing.de\/index.php?rest_route=\/wp\/v2\/pages"}],"about":[{"href":"https:\/\/www.marc-salzmann-marketing.de\/index.php?rest_route=\/wp\/v2\/types\/page"}],"author":[{"embeddable":true,"href":"https:\/\/www.marc-salzmann-marketing.de\/index.php?rest_route=\/wp\/v2\/users\/1"}],"replies":[{"embeddable":true,"href":"https:\/\/www.marc-salzmann-marketing.de\/index.php?rest_route=%2Fwp%2Fv2%2Fcomments&post=198"}],"version-history":[{"count":43,"href":"https:\/\/www.marc-salzmann-marketing.de\/index.php?rest_route=\/wp\/v2\/pages\/198\/revisions"}],"predecessor-version":[{"id":756,"href":"https:\/\/www.marc-salzmann-marketing.de\/index.php?rest_route=\/wp\/v2\/pages\/198\/revisions\/756"}],"wp:attachment":[{"href":"https:\/\/www.marc-salzmann-marketing.de\/index.php?rest_route=%2Fwp%2Fv2%2Fmedia&parent=198"}],"curies":[{"name":"wp","href":"https:\/\/api.w.org\/{rel}","templated":true}]}}