{"id":176,"date":"2021-04-06T16:09:10","date_gmt":"2021-04-06T14:09:10","guid":{"rendered":"http:\/\/www.marc-salzmann-marketing.de\/?page_id=176"},"modified":"2021-09-15T01:37:53","modified_gmt":"2021-09-14T23:37:53","slug":"fuehrungskraefte-coaching","status":"publish","type":"page","link":"https:\/\/www.marc-salzmann-marketing.de\/?page_id=176","title":{"rendered":"F\u00fchrungskr\u00e4fte-Coaching"},"content":{"rendered":"<p>&nbsp;<\/p>\n<p><span style=\"font-family: verdana, geneva; font-size: 16pt;\"><strong>F\u00fchrungskr\u00e4fte auf ihrem Weg<\/strong><\/span><\/p>\n<p><span style=\"font-family: verdana, geneva; font-size: 16pt;\">Sie \u00fcberlegen, sich zur F\u00fchrungskraft zu entwickeln und mehr Verantwortung zu \u00fcbernehmen? Oder Ihnen steht bald eine neue, hierarchisch h\u00f6here Stelle in Ausicht? Oder Sie stehen bald einem Projekt-Team vor? Sie sind neu in einer Position und ben\u00f6tigen Starthilfe? Dann sprechen Sie mit Ihrem Unternehmen, ob f\u00fcr Sie ein Coaching ein sinnvoller Weg sein kann.<br \/>\n<\/span><\/p>\n<p>&nbsp;<\/p>\n<p><span style=\"font-family: verdana, geneva; font-size: 16pt;\"><strong>F\u00fcr wen dieses Coaching sinnvoll ist<\/strong><\/span><\/p>\n<p><span style=\"font-family: verdana, geneva; font-size: 16pt;\">Dieses Coaching richtet sich insbesondere an Firmen, die ihren Mitarbeitern die M\u00f6glichkeit an die Hand geben wollen, ihr Potenzial in der neuen F\u00fchrungsposition auszusch\u00f6pfen und sich positiv in die neue Rolle hinein zu entwickeln. Das Coaching wird jungen F\u00fchrungskr\u00e4ften Orientierung vermitteln und n\u00fctzliche Werkzeuge vorstellen. Die F\u00fchrungskraft wird sich durch das Coaching bef\u00e4higt f\u00fchlen, die F\u00fchrungsposition voll zum Nutzen des Unternehmens und des Mitarbeiters auszusch\u00f6pfen.<br \/>\n<\/span><\/p>\n<p>&nbsp;<\/p>\n<div id=\"attachment_240\" style=\"width: 1034px\" class=\"wp-caption aligncenter\"><img loading=\"lazy\" decoding=\"async\" aria-describedby=\"caption-attachment-240\" class=\"wp-image-240 size-large\" src=\"https:\/\/www.marc-salzmann-marketing.de\/wp-content\/uploads\/2021\/04\/model-2911330_1920-1024x684.jpg\" alt=\"\" width=\"1024\" height=\"684\" \/><p id=\"caption-attachment-240\" class=\"wp-caption-text\"><\/span> <span style=\"font-family: verdana, geneva; font-size: 16pt;\">als junge F\u00fchrungskraft sollte man sein Handwerkszeug kennen<\/span><\/p><\/div>\n<p>&nbsp;<\/p>\n<p><span style=\"font-family: verdana, geneva; font-size: 16pt;\"><strong>Ein erster Schritt in Richtung F\u00fchrung<\/strong><\/span><\/p>\n<p><span style=\"font-family: verdana, geneva; font-size: 16pt;\">Hierzu ist Klarheit \u00fcber die St\u00e4rken und Schw\u00e4chen der zuk\u00fcnftigen oder jungen F\u00fchrungskraft, die Kenntnis \u00fcber die Strategien und Instrumente eines Managers oder das Wissen um die eigene Pers\u00f6nlichkeit und die der Teammitglieder vorteilhaft. Ich coache Ihren Mitarbeiter unter Verwendung individualpsychologischer und systemischer Aspekte und bringe ihm die ermutigende F\u00fchrung n\u00e4her. Zudem k\u00f6nnen Coach und Coachee gemeinsam einen Blick auf die Antriebe, Ziele, eigene Pers\u00f6nlichkeit oder die Kommunikationsmuster des Coachees werfen.<\/span><\/p>\n<p>&nbsp;<\/p>\n<p><span style=\"font-family: verdana, geneva; font-size: 16pt;\">Viele aufstrebende F\u00fchrungskr\u00e4fte haben das Gef\u00fchl, nicht recht zu wissen, wie man an die neue Situation effektiv herangeht oder welche klassischen Fallstricke es zu \u00fcberwinden gilt. In unserem Coaching decken wir nicht nur Ihre Pers\u00f6nlichkeit und Ihre Vorz\u00fcge und Verbesserungspotenziale auf. Auch helfe ich Ihnen, sich Klarheit \u00fcber Ihren individuellen F\u00fchrungs-Stil und ihren Charakter zu verschaffen. Zus\u00e4tzlich zeige ich Ihnen hilfreiche F\u00fchrungsmittel und F\u00fchrungstheorien, also gewisserma\u00dfen Ihren Werkzeugkoffer, den Sie f\u00fcr sich nutzbar machen k\u00f6nnen. Meine Erfahrung als F\u00fchrungskraft in verschiedenen Unternehmen ist dabei hilfreich, Ihnen Praxiserfahrungen zu vermitteln. Auch k\u00f6nnen wir \u00dcbungen und Rollenspiele durchf\u00fchren, um Ihnen M\u00f6glichkeiten im Alltag aufzuzeigen.<\/span><\/p>\n<p>&nbsp;<\/p>\n<p><span style=\"font-family: verdana, geneva; font-size: 16pt;\"><strong>Ziel ist Handlungsf\u00e4higkeit<\/strong><\/span><\/p>\n<p><span style=\"font-family: verdana, geneva; font-size: 16pt;\">Am Ende sollte der Coachee das Gef\u00fchl daf\u00fcr bekommen haben, was f\u00fcr ein &#8222;Typ&#8220; er ist und mit welchen robusten Schritten er in Richtung seiner neuen Position gehen wird. In der Hand h\u00e4lt er dann seinen pers\u00f6nlichen Werkzeugkoffer f\u00fcr den Alltag.<\/span><\/p>\n<p>&nbsp;<\/p>\n<p><span style=\"font-family: verdana, geneva; font-size: 16pt;\"><strong>Preise<\/strong><\/span><\/p>\n<p><span style=\"font-family: verdana, geneva; font-size: 16pt;\">200,- \u20ac zzgl. gesetzlicher MwSt. pro Stunde<\/span><\/p>\n<p>&nbsp;<\/p>\n<p><span style=\"font-family: verdana, geneva; font-size: 16pt;\"><strong>Buchung<\/strong><\/span><\/p>\n<p><span style=\"font-family: verdana, geneva; font-size: 16pt;\">Buchen Sie einfach, indem Sie das untenstehende Formular ausf\u00fcllen, unterschreiben und scannen und mir per email unter <a href=\"mailto:office@marc-salzmann-marketing.de\">office@marc-salzmann-marketing.de<\/a> zusenden, am besten gleich mit Ihren Terminw\u00fcnschen. Wir finden dann einen Termin. Ich coache in der Woche normalerweise Mo, Mi, Do und F r &#8211; Sonderabsprachen sind ggf. m\u00f6glich. <\/span><\/p>\n<p>&nbsp;<\/p>\n<p><span style=\"font-family: verdana, geneva; font-size: 16pt;\"><strong>Download des Vertrages<\/strong><\/span><\/p>\n<p><span style=\"font-family: verdana, geneva; font-size: 16pt;\"><a href=\"https:\/\/www.marc-salzmann-marketing.de\/wp-content\/uploads\/2021\/04\/MarcSalzmannVertragCoachingFuehrungskraefte.pdf\">MarcSalzmannVertragCoachingF\u00fchrungskr\u00e4fte<\/a><\/span><\/p>\n<p>&nbsp;<\/p>\n<p><span style=\"font-family: verdana, geneva; font-size: 16pt;\"><strong>Ideal vor dem Coaching &#8211; das Einsteigerseminar zur F\u00fchrung<\/strong><\/span><\/p>\n<p><span style=\"font-family: verdana, geneva; font-size: 16pt;\">Zus\u00e4tzlich k\u00f6nnen Sie f\u00fcr Ihren Mitarbeiter mein Einsteigerseminar &#8222;mein Weg zur F\u00fchrungskraft&#8220; buchen, in welchem ich mit den Teilnehmern die theoretische und praktische Fundierung einer F\u00fchrungskraft erarbeite. Hier sollen die Teilnehmer also ersteinmal die wesentlichen Grundlagen und Klippen kennenlernen. Zudem werden im Seminar viele Praxis\u00fcbungen und Rollenspiele durchgef\u00fchrt, die den Mitarbeiter optimal auf den Berufsalltag vorbereiten werden. Im Seminar gibt es kein Konzept von der Stange &#8211; vielmehr geht es darum, dass der Teilnehmer seinen individuell passenden F\u00fchrungsstil f\u00fcr sich herausarbeitet.<\/span><\/p>\n<p>&nbsp;<\/p>\n<p>&nbsp;<\/p>\n<p>&nbsp;<\/p>\n","protected":false},"excerpt":{"rendered":"<p>&nbsp; F\u00fchrungskr\u00e4fte auf ihrem Weg Sie \u00fcberlegen, sich zur F\u00fchrungskraft zu entwickeln und mehr Verantwortung zu \u00fcbernehmen? Oder Ihnen steht bald eine neue, hierarchisch h\u00f6here Stelle in Ausicht? Oder Sie stehen bald einem Projekt-Team vor? Sie sind neu in einer Position und ben\u00f6tigen Starthilfe? Dann sprechen Sie mit Ihrem Unternehmen, ob f\u00fcr Sie ein Coaching&hellip;<\/p>\n","protected":false},"author":1,"featured_media":0,"parent":0,"menu_order":0,"comment_status":"closed","ping_status":"closed","template":"","meta":{"footnotes":""},"class_list":["post-176","page","type-page","status-publish","hentry"],"_links":{"self":[{"href":"https:\/\/www.marc-salzmann-marketing.de\/index.php?rest_route=\/wp\/v2\/pages\/176","targetHints":{"allow":["GET"]}}],"collection":[{"href":"https:\/\/www.marc-salzmann-marketing.de\/index.php?rest_route=\/wp\/v2\/pages"}],"about":[{"href":"https:\/\/www.marc-salzmann-marketing.de\/index.php?rest_route=\/wp\/v2\/types\/page"}],"author":[{"embeddable":true,"href":"https:\/\/www.marc-salzmann-marketing.de\/index.php?rest_route=\/wp\/v2\/users\/1"}],"replies":[{"embeddable":true,"href":"https:\/\/www.marc-salzmann-marketing.de\/index.php?rest_route=%2Fwp%2Fv2%2Fcomments&post=176"}],"version-history":[{"count":47,"href":"https:\/\/www.marc-salzmann-marketing.de\/index.php?rest_route=\/wp\/v2\/pages\/176\/revisions"}],"predecessor-version":[{"id":755,"href":"https:\/\/www.marc-salzmann-marketing.de\/index.php?rest_route=\/wp\/v2\/pages\/176\/revisions\/755"}],"wp:attachment":[{"href":"https:\/\/www.marc-salzmann-marketing.de\/index.php?rest_route=%2Fwp%2Fv2%2Fmedia&parent=176"}],"curies":[{"name":"wp","href":"https:\/\/api.w.org\/{rel}","templated":true}]}}