{"id":170,"date":"2021-04-06T16:05:56","date_gmt":"2021-04-06T14:05:56","guid":{"rendered":"http:\/\/www.marc-salzmann-marketing.de\/?page_id=170"},"modified":"2021-09-15T01:37:25","modified_gmt":"2021-09-14T23:37:25","slug":"potenzialaufdeckung","status":"publish","type":"page","link":"https:\/\/www.marc-salzmann-marketing.de\/?page_id=170","title":{"rendered":"Potenzialentwicklung"},"content":{"rendered":"<p>&nbsp;<\/p>\n<p><span style=\"font-family: verdana, geneva; font-size: 16pt;\"><strong>Ver\u00e4nderungen treten in unser Leben<\/strong><\/span><\/p>\n<p><span style=\"font-family: verdana, geneva; font-size: 16pt;\">Manchmal stehen in unserem Leben Ver\u00e4nderungen an. Diese k\u00f6nnen pers\u00f6nlicher oder beruflicher Natur sein.<\/span><\/p>\n<p>&nbsp;<\/p>\n<div id=\"attachment_224\" style=\"width: 1034px\" class=\"wp-caption aligncenter\"><img loading=\"lazy\" decoding=\"async\" aria-describedby=\"caption-attachment-224\" class=\"wp-image-224 size-large\" src=\"https:\/\/www.marc-salzmann-marketing.de\/wp-content\/uploads\/2021\/04\/seaside-371229_1920-1024x683.jpg\" alt=\"Manchmal m\u00fcssen wir innehalten, um uns neu auszurichten\" width=\"1024\" height=\"683\" \/><p id=\"caption-attachment-224\" class=\"wp-caption-text\"><\/span> <span style=\"font-family: verdana, geneva; font-size: 16pt;\">Manchmal ist es Zeit, einen Moment innezuhalten und sich selbst neu zu erfinden<\/span><\/p><\/div>\n<p>&nbsp;<\/p>\n<p><span style=\"font-family: verdana, geneva; font-size: 16pt;\">Beispielsweise kann es darum gehen, eine berufliche Ver\u00e4nderung anzusto\u00dfen und sich dazu seiner Pers\u00f6nlichkeit, seiner St\u00e4rken und Schw\u00e4chen und seiner W\u00fcnsche, Ideen und M\u00f6glichkeiten bewu\u00dft zu werden. Manchmal gilt es auch, eine Vision f\u00fcr sich selbst zu entwickeln oder sich robuste Schritte zum Ziel zurechtzulegen.<\/span><\/p>\n<p>&nbsp;<\/p>\n<p><span style=\"font-family: verdana, geneva; font-size: 16pt;\">Auch im privaten Umfeld mag es Umstrukturierungen oder anspruchsvolle Themen geben. Neue Lebensumst\u00e4nde erfordern unsere ganze Aufmerksamkeit und unser Organisationstalent. Manchmal liegen unsere Nerven blank und wir tun gut daran, Strategien heranzuziehen, die Stress abbauen oder uns psychisch widerstandsf\u00e4higer machen. Konflikte in der Familie oder im Freundeskreis bed\u00fcrfen der Klarheit und der L\u00f6sung. Unsere Lebensthemen sind vielf\u00e4ltig.<\/span><\/p>\n<p>&nbsp;<\/p>\n<p><span style=\"font-family: verdana, geneva; font-size: 16pt;\"><strong>F\u00fcr wenn dieses Coaching sinnvoll ist<\/strong><\/span><\/p>\n<p><span style=\"font-family: verdana, geneva; font-size: 16pt;\">Dieses Coaching richtet sich an Privatpersonen, die in Ihrem Leben eine Ver\u00e4nderung versp\u00fcren oder erahnen, oder die sich in Konfliktsituationen \u00fcber den Weg klar werden wollen.<br \/>\n<\/span><\/p>\n<p>&nbsp;<\/p>\n<p><span style=\"font-family: verdana, geneva; font-size: 16pt;\"><strong>Coaching f\u00fcr Klarheit und Handlungsf\u00e4higkeit<\/strong><\/span><\/p>\n<p><span style=\"font-family: verdana, geneva; font-size: 16pt;\">Im Gespr\u00e4ch arbeiten wir in einer ersten Analyse Herausforderungen, Chancen und Risiken heraus und wie Sie die Situation bewerten. Ich coache dabei unter individualpsychologischen und systemischen Gesichtspunkten.<\/span><\/p>\n<p>&nbsp;<\/p>\n<p><span style=\"font-family: verdana, geneva; font-size: 16pt;\">Weiterhin gebe ich Ihnen Themen, Instrumente und Modelle mit an die Hand, die Ihnen helfen k\u00f6nnen, ihre Situation zu verbessern oder ihr pers\u00f6nliches Potenzial zu entwickeln. Diese k\u00f6nnen, je nach Thema, sehr verschieden sein. F\u00fcr den einen mag der Aufbau von Achtsamkeit und Resilienz wichtig sein, ein anderer ben\u00f6tigt Klarheit \u00fcber Pers\u00f6nlichkeiten und Kommunikationsmuster in einem Konflikt, der n\u00e4chste will sich selbst mittels Pers\u00f6nlichkeitsmodellen, Individualpsychologie und Selbstreflexion besser begreifen und ver\u00e4ndern. Am Ende sollte immer die M\u00f6glichkeit stehen, sich selbst und die Situation aktiv zu beeinflussen.<\/span><\/p>\n<p>&nbsp;<\/p>\n<p><span style=\"font-family: verdana, geneva; font-size: 16pt;\"><strong>Preise<\/strong><\/span><\/p>\n<p><span style=\"font-family: verdana, geneva; font-size: 16pt;\">150,- \u20ac zzgl. MwSt. pro Stunde<\/span><\/p>\n<p>&nbsp;<\/p>\n<p><span style=\"font-family: verdana, geneva; font-size: 16pt;\"><strong>Buchung<\/strong><\/span><\/p>\n<p><span style=\"font-family: verdana, geneva; font-size: 16pt;\">Buchen Sie einfach, indem Sie das untenstehende Formular ausf\u00fcllen, unterschreiben und scannen und mir per email unter <a href=\"mailto:office@marc-salzmann-marketing.de\">office@marc-salzmann-marketing.de<\/a> zusenden, am besten gleich mit Ihren Terminw\u00fcnschen. Wir finden dann einen Termin. Ich coache in der Woche normalerweise Mo, Mi, Do und F r &#8211; Sonderabsprachen sind ggf. m\u00f6glich.<\/span><\/p>\n<p>&nbsp;<\/p>\n<p><span style=\"font-family: verdana, geneva; font-size: 16pt;\"><strong>Download des Vertrages<\/strong><\/span><\/p>\n<p><span style=\"font-family: verdana, geneva; font-size: 16pt;\"><a href=\"https:\/\/www.marc-salzmann-marketing.de\/wp-content\/uploads\/2021\/04\/MarcSalzmannVertragCoachingPotenzialentwicklung.pdf\">MarcSalzmannVertragCoachingPotenzialentwicklung<\/a><\/span><\/p>\n","protected":false},"excerpt":{"rendered":"<p>&nbsp; Ver\u00e4nderungen treten in unser Leben Manchmal stehen in unserem Leben Ver\u00e4nderungen an. Diese k\u00f6nnen pers\u00f6nlicher oder beruflicher Natur sein. &nbsp; &nbsp; Beispielsweise kann es darum gehen, eine berufliche Ver\u00e4nderung anzusto\u00dfen und sich dazu seiner Pers\u00f6nlichkeit, seiner St\u00e4rken und Schw\u00e4chen und seiner W\u00fcnsche, Ideen und M\u00f6glichkeiten bewu\u00dft zu werden. Manchmal gilt es auch, eine Vision&hellip;<\/p>\n","protected":false},"author":1,"featured_media":0,"parent":0,"menu_order":0,"comment_status":"closed","ping_status":"closed","template":"","meta":{"footnotes":""},"class_list":["post-170","page","type-page","status-publish","hentry"],"_links":{"self":[{"href":"https:\/\/www.marc-salzmann-marketing.de\/index.php?rest_route=\/wp\/v2\/pages\/170","targetHints":{"allow":["GET"]}}],"collection":[{"href":"https:\/\/www.marc-salzmann-marketing.de\/index.php?rest_route=\/wp\/v2\/pages"}],"about":[{"href":"https:\/\/www.marc-salzmann-marketing.de\/index.php?rest_route=\/wp\/v2\/types\/page"}],"author":[{"embeddable":true,"href":"https:\/\/www.marc-salzmann-marketing.de\/index.php?rest_route=\/wp\/v2\/users\/1"}],"replies":[{"embeddable":true,"href":"https:\/\/www.marc-salzmann-marketing.de\/index.php?rest_route=%2Fwp%2Fv2%2Fcomments&post=170"}],"version-history":[{"count":33,"href":"https:\/\/www.marc-salzmann-marketing.de\/index.php?rest_route=\/wp\/v2\/pages\/170\/revisions"}],"predecessor-version":[{"id":754,"href":"https:\/\/www.marc-salzmann-marketing.de\/index.php?rest_route=\/wp\/v2\/pages\/170\/revisions\/754"}],"wp:attachment":[{"href":"https:\/\/www.marc-salzmann-marketing.de\/index.php?rest_route=%2Fwp%2Fv2%2Fmedia&parent=170"}],"curies":[{"name":"wp","href":"https:\/\/api.w.org\/{rel}","templated":true}]}}