{"id":13,"date":"2021-03-23T16:50:25","date_gmt":"2021-03-23T15:50:25","guid":{"rendered":"http:\/\/www.marc-salzmann-marketing.de\/?page_id=13"},"modified":"2025-08-08T13:30:24","modified_gmt":"2025-08-08T11:30:24","slug":"kontakt","status":"publish","type":"page","link":"https:\/\/www.marc-salzmann-marketing.de\/?page_id=13","title":{"rendered":"Kontakt"},"content":{"rendered":"<p>&nbsp;<\/p>\n<p><span style=\"font-family: verdana, geneva; font-size: 16pt;\">Sie erreichen mich am Besten per email oder Post unter<\/span><\/p>\n<p>&nbsp;<\/p>\n<p><span style=\"font-family: verdana, geneva; font-size: 16pt;\"><img loading=\"lazy\" decoding=\"async\" class=\"wp-image-456 size-large aligncenter\" src=\"https:\/\/www.marc-salzmann-marketing.de\/wp-content\/uploads\/2021\/04\/DSCI0392-1024x768.jpg\" alt=\"\" width=\"1024\" height=\"768\" srcset=\"https:\/\/www.marc-salzmann-marketing.de\/wp-content\/uploads\/2021\/04\/DSCI0392-1024x768.jpg 1024w, https:\/\/www.marc-salzmann-marketing.de\/wp-content\/uploads\/2021\/04\/DSCI0392-300x225.jpg 300w, https:\/\/www.marc-salzmann-marketing.de\/wp-content\/uploads\/2021\/04\/DSCI0392-768x576.jpg 768w, https:\/\/www.marc-salzmann-marketing.de\/wp-content\/uploads\/2021\/04\/DSCI0392-1536x1152.jpg 1536w, https:\/\/www.marc-salzmann-marketing.de\/wp-content\/uploads\/2021\/04\/DSCI0392-2048x1536.jpg 2048w, https:\/\/www.marc-salzmann-marketing.de\/wp-content\/uploads\/2021\/04\/DSCI0392-120x90.jpg 120w\" sizes=\"auto, (max-width: 1024px) 100vw, 1024px\" \/><\/span><\/p>\n<p>&nbsp;<\/p>\n<p><span style=\"font-family: verdana, geneva; font-size: 16pt;\">Email:\u00a0\u00a0\u00a0\u00a0\u00a0\u00a0\u00a0\u00a0\u00a0\u00a0\u00a0\u00a0\u00a0\u00a0\u00a0\u00a0 <a href=\"mailto:office@marc-salzmann-marketing.de\">office@marc-salzmann-marketing.de<\/a><\/span><\/p>\n<p>&nbsp;<\/p>\n<p><span style=\"font-family: verdana, geneva; font-size: 16pt;\">Postanschrift:\u00a0\u00a0\u00a0 Marc Salzmann Marketing<\/span><\/p>\n<div dir=\"ltr\">\n<div>\n<div><span style=\"font-size: 16pt;\">Marc Salzmann<\/span><br \/>\n<span style=\"font-size: 16pt;\">Sk\u00e5rtaryd P\u00e5lsg\u00e5rd 1<\/span><br \/>\n<span style=\"font-size: 16pt;\">36391 Bra\u00e5s<\/span><\/div>\n<div><span style=\"font-size: 16pt;\">Schweden<\/span><\/div>\n<\/div>\n<\/div>\n<p>&nbsp;<\/p>\n<p>&nbsp;<\/p>\n<div id=\"simple-translate\" class=\"simple-translate-system-theme\">\n<div>\n<div class=\"simple-translate-button isShow\" style=\"background-image: url('moz-extension:\/\/45e65160-bb28-4477-996e-e1ee39be41d7\/icons\/512.png'); height: 22px; width: 22px; top: 1192px; left: 169px;\"><\/div>\n<div class=\"simple-translate-panel \" style=\"width: 300px; height: 200px; top: 0px; left: 0px; font-size: 13px;\">\n<div class=\"simple-translate-result-wrapper\" style=\"overflow: hidden;\">\n<div class=\"simple-translate-move\" draggable=\"true\"><\/div>\n<div class=\"simple-translate-result-contents\">\n<p class=\"simple-translate-result\" dir=\"auto\">\n<p class=\"simple-translate-candidate\" dir=\"auto\">\n<\/div>\n<\/div>\n<\/div>\n<\/div>\n<\/div>\n","protected":false},"excerpt":{"rendered":"<p>&nbsp; Sie erreichen mich am Besten per email oder Post unter &nbsp; &nbsp; Email:\u00a0\u00a0\u00a0\u00a0\u00a0\u00a0\u00a0\u00a0\u00a0\u00a0\u00a0\u00a0\u00a0\u00a0\u00a0\u00a0 office@marc-salzmann-marketing.de &nbsp; Postanschrift:\u00a0\u00a0\u00a0 Marc Salzmann Marketing Marc Salzmann Sk\u00e5rtaryd P\u00e5lsg\u00e5rd 1 36391 Bra\u00e5s Schweden &nbsp; &nbsp;<\/p>\n","protected":false},"author":1,"featured_media":0,"parent":0,"menu_order":0,"comment_status":"closed","ping_status":"closed","template":"","meta":{"footnotes":""},"class_list":["post-13","page","type-page","status-publish","hentry"],"_links":{"self":[{"href":"https:\/\/www.marc-salzmann-marketing.de\/index.php?rest_route=\/wp\/v2\/pages\/13","targetHints":{"allow":["GET"]}}],"collection":[{"href":"https:\/\/www.marc-salzmann-marketing.de\/index.php?rest_route=\/wp\/v2\/pages"}],"about":[{"href":"https:\/\/www.marc-salzmann-marketing.de\/index.php?rest_route=\/wp\/v2\/types\/page"}],"author":[{"embeddable":true,"href":"https:\/\/www.marc-salzmann-marketing.de\/index.php?rest_route=\/wp\/v2\/users\/1"}],"replies":[{"embeddable":true,"href":"https:\/\/www.marc-salzmann-marketing.de\/index.php?rest_route=%2Fwp%2Fv2%2Fcomments&post=13"}],"version-history":[{"count":14,"href":"https:\/\/www.marc-salzmann-marketing.de\/index.php?rest_route=\/wp\/v2\/pages\/13\/revisions"}],"predecessor-version":[{"id":836,"href":"https:\/\/www.marc-salzmann-marketing.de\/index.php?rest_route=\/wp\/v2\/pages\/13\/revisions\/836"}],"wp:attachment":[{"href":"https:\/\/www.marc-salzmann-marketing.de\/index.php?rest_route=%2Fwp%2Fv2%2Fmedia&parent=13"}],"curies":[{"name":"wp","href":"https:\/\/api.w.org\/{rel}","templated":true}]}}