{"id":108,"date":"2021-03-23T23:18:59","date_gmt":"2021-03-23T22:18:59","guid":{"rendered":"http:\/\/www.marc-salzmann-marketing.de\/?page_id=108"},"modified":"2025-08-08T13:22:17","modified_gmt":"2025-08-08T11:22:17","slug":"impressum","status":"publish","type":"page","link":"https:\/\/www.marc-salzmann-marketing.de\/?page_id=108","title":{"rendered":"Impressum"},"content":{"rendered":"<div id=\"post-23\" class=\"post-23 page type-page status-publish hentry\">\n<div class=\"entry-content clearfix\">\n<p>&nbsp;<\/p>\n<p><span style=\"font-family: verdana, geneva; font-size: 16pt;\"><strong>Verantwortlich f\u00fcr den Inhalt dieser Webseite:<\/strong><\/span><\/p>\n<div dir=\"ltr\">\n<div>\n<div style=\"font-size: 12pt; font-family: 'Calibri'; color: #000000;\"><span style=\"font-size: 16pt; font-family: verdana, geneva;\">Marc Salzmann<\/span><br \/>\n<span style=\"font-size: 16pt; font-family: verdana, geneva;\">Sk\u00e5rtaryd P\u00e5lsg\u00e5rd 1<\/span><br \/>\n<span style=\"font-size: 16pt; font-family: verdana, geneva;\">36391 Bra\u00e5s<\/span><\/div>\n<div style=\"font-size: 12pt; font-family: 'Calibri'; color: #000000;\"><span style=\"font-size: 16pt; font-family: verdana, geneva;\">Schweden<\/span><\/div>\n<\/div>\n<\/div>\n<p>&nbsp;<\/p>\n<p><span style=\"font-family: verdana, geneva; font-size: 16pt;\">E-Mail:<\/span><br \/>\n<span style=\"font-family: verdana, geneva; font-size: 16pt;\"><a href=\"mailto:der-einsame-wanderer@gmx.de\">office@marc-salzmann-marketing.de<\/a><\/span><\/p>\n<p><span style=\"font-size: 16pt;\">Ust.-Identifikationsnummer: SE77018557001\u00a0 \u00a0<\/span><\/p>\n<p>&nbsp;<\/p>\n<p><span style=\"font-family: verdana, geneva; font-size: 16pt;\"><strong>Gestaltung dieser Webseite:<\/strong><\/span><\/p>\n<div dir=\"ltr\">\n<div>\n<div><span style=\"font-size: 16pt;\">Marc Salzmann<\/span><br \/>\n<span style=\"font-size: 16pt;\">Sk\u00e5rtaryd P\u00e5lsg\u00e5rd 1<\/span><br \/>\n<span style=\"font-size: 16pt;\">36391 Bra\u00e5s<\/span><\/div>\n<div><span style=\"font-size: 16pt;\">Schweden<\/span><\/div>\n<\/div>\n<\/div>\n<p><span style=\"font-family: verdana, geneva; font-size: 16pt;\">E-Mail:<\/span><\/p>\n<p><span style=\"font-family: verdana, geneva; font-size: 16pt;\"><a href=\"mailto:der-einsame-wanderer@gmx.de\">office@marc-salzmann-marketing.de<\/a><\/span><\/p>\n<p><span style=\"font-family: verdana, geneva; font-size: 16pt;\"><strong><br \/>\nHaftung f\u00fcr Inhalte<\/strong><\/span><\/p>\n<p><span style=\"font-family: verdana, geneva; font-size: 16pt;\">Als Diensteanbieter sind wir gem\u00e4\u00df \u00a7 7 Abs.1 TMG f\u00fcr<\/span><br \/>\n<span style=\"font-family: verdana, geneva; font-size: 16pt;\">eigene Inhalte auf diesen Seiten nach den allgemeinen Gesetzen verantwortlich.<\/span><br \/>\n<span style=\"font-family: verdana, geneva; font-size: 16pt;\">Nach \u00a7\u00a7 8 bis 10 TMG sind wir als Diensteanbieter jedoch nicht<\/span><br \/>\n<span style=\"font-family: verdana, geneva; font-size: 16pt;\">verpflichtet, \u00fcbermittelte oder gespeicherte fremde Informationen zu<\/span><br \/>\n<span style=\"font-family: verdana, geneva; font-size: 16pt;\">\u00fcberwachen oder nach Umst\u00e4nden zu forschen, die auf eine rechtswidrige<\/span><br \/>\n<span style=\"font-family: verdana, geneva; font-size: 16pt;\">T\u00e4tigkeit hinweisen. Verpflichtungen zur Entfernung oder Sperrung der<\/span><br \/>\n<span style=\"font-family: verdana, geneva; font-size: 16pt;\">Nutzung von Informationen nach den allgemeinen Gesetzen bleiben hiervon<\/span><br \/>\n<span style=\"font-family: verdana, geneva; font-size: 16pt;\">unber\u00fchrt. Eine diesbez\u00fcgliche Haftung ist jedoch erst ab dem<\/span><br \/>\n<span style=\"font-family: verdana, geneva; font-size: 16pt;\">Zeitpunkt der Kenntnis einer konkreten Rechtsverletzung m\u00f6glich. Bei<\/span><br \/>\n<span style=\"font-family: verdana, geneva; font-size: 16pt;\">Bekanntwerden von entsprechenden Rechtsverletzungen werden wir diese Inhalte<\/span><br \/>\n<span style=\"font-family: verdana, geneva; font-size: 16pt;\">umgehend entfernen.<\/span><\/p>\n<p>&nbsp;<\/p>\n<p><span style=\"font-family: verdana, geneva; font-size: 16pt;\"><strong>Haftung f\u00fcr Links<\/strong><\/span><\/p>\n<p><span style=\"font-family: verdana, geneva; font-size: 16pt;\">Unser Angebot enth\u00e4lt Links zu externen Webseiten Dritter, auf deren<\/span><br \/>\n<span style=\"font-family: verdana, geneva; font-size: 16pt;\">Inhalte wir keinen Einfluss haben. Deshalb k\u00f6nnen wir f\u00fcr diese<\/span><br \/>\n<span style=\"font-family: verdana, geneva; font-size: 16pt;\">fremden Inhalte auch keine Gew\u00e4hr \u00fcbernehmen. F\u00fcr die Inhalte<\/span><br \/>\n<span style=\"font-family: verdana, geneva; font-size: 16pt;\">der verlinkten Seiten ist stets der jeweilige Anbieter oder Betreiber der<\/span><br \/>\n<span style=\"font-family: verdana, geneva; font-size: 16pt;\">Seiten verantwortlich. Die verlinkten Seiten wurden zum Zeitpunkt der Verlinkung<\/span><br \/>\n<span style=\"font-family: verdana, geneva; font-size: 16pt;\">auf m\u00f6gliche Rechtsverst\u00f6\u00dfe \u00fcberpr\u00fcft. Rechtswidrige<\/span><br \/>\n<span style=\"font-family: verdana, geneva; font-size: 16pt;\">Inhalte waren zum Zeitpunkt der Verlinkung nicht erkennbar. Eine permanente<\/span><br \/>\n<span style=\"font-family: verdana, geneva; font-size: 16pt;\">inhaltliche Kontrolle der verlinkten Seiten ist jedoch ohne konkrete Anhaltspunkte<\/span><br \/>\n<span style=\"font-family: verdana, geneva; font-size: 16pt;\">einer Rechtsverletzung nicht zumutbar. Bei Bekanntwerden von Rechtsverletzungen<\/span><br \/>\n<span style=\"font-family: verdana, geneva; font-size: 16pt;\">werden wir derartige Links umgehend entfernen.<\/span><\/p>\n<p>&nbsp;<\/p>\n<p><span style=\"font-family: verdana, geneva; font-size: 16pt;\"><strong>Urheberrecht<\/strong><\/span><\/p>\n<p><span style=\"font-family: verdana, geneva; font-size: 16pt;\">Die durch die Seitenbetreiber erstellten Inhalte und Werke auf diesen Seiten<\/span><br \/>\n<span style=\"font-family: verdana, geneva; font-size: 16pt;\">unterliegen dem deutschen Urheberrecht. Die Vervielf\u00e4ltigung, Bearbeitung, Verbreitung und jede Art der Verwertung au\u00dferhalb der Grenzen des Urheberrechtes bed\u00fcrfen<\/span><br \/>\n<span style=\"font-family: verdana, geneva; font-size: 16pt;\">der schriftlichen Zustimmung des jeweiligen Autors bzw. Erstellers. Downloads<\/span><br \/>\n<span style=\"font-family: verdana, geneva; font-size: 16pt;\">und Kopien dieser Seite sind nur f\u00fcr den privaten, nicht kommerziellen<\/span><br \/>\n<span style=\"font-family: verdana, geneva; font-size: 16pt;\">Gebrauch gestattet. Soweit die Inhalte auf dieser Seite nicht vom Betreiber erstellt wurden,<\/span><br \/>\n<span style=\"font-family: verdana, geneva; font-size: 16pt;\">werden die Urheberrechte Dritter beachtet. Insbesondere werden Inhalte Dritter als solche<\/span><br \/>\n<span style=\"font-family: verdana, geneva; font-size: 16pt;\">gekennzeichnet. Sollten Sie trotzdem auf eine Urheberrechtsverletzung aufmerksam werden, bitten wir um einen entsprechenden Hinweis.<\/span><br \/>\n<span style=\"font-family: verdana, geneva; font-size: 16pt;\">Bei Bekanntwerden von Rechtsverletzungen werden wir derartige Inhalte umgehend entfernen.<\/span><\/p>\n<\/div>\n<\/div>\n<div class=\"addtoany_share_save_container addtoany_content addtoany_content_bottom\">\n<div class=\"a2a_kit a2a_kit_size_32 addtoany_list\" data-a2a-url=\"http:\/\/einsamer-wanderer.net\/impressum\/\" data-a2a-title=\"Impressum\"><\/div>\n<\/div>\n<p>&nbsp;<\/p>\n<div id=\"simple-translate\" class=\"simple-translate-system-theme\">\n<div>\n<div class=\"simple-translate-button isShow\" style=\"background-image: url('moz-extension:\/\/45e65160-bb28-4477-996e-e1ee39be41d7\/icons\/512.png'); height: 22px; width: 22px; top: 426px; left: 485px;\"><\/div>\n<div class=\"simple-translate-panel \" style=\"width: 300px; height: 200px; top: 0px; left: 0px; font-size: 13px;\">\n<div class=\"simple-translate-result-wrapper\" style=\"overflow: hidden;\">\n<div class=\"simple-translate-move\" draggable=\"true\"><\/div>\n<div class=\"simple-translate-result-contents\">\n<p class=\"simple-translate-result\" dir=\"auto\">\n<p class=\"simple-translate-candidate\" dir=\"auto\">\n<\/div>\n<\/div>\n<\/div>\n<\/div>\n<\/div>\n","protected":false},"excerpt":{"rendered":"<p>&nbsp; Verantwortlich f\u00fcr den Inhalt dieser Webseite: Marc Salzmann Sk\u00e5rtaryd P\u00e5lsg\u00e5rd 1 36391 Bra\u00e5s Schweden &nbsp; E-Mail: office@marc-salzmann-marketing.de Ust.-Identifikationsnummer: SE77018557001\u00a0 \u00a0 &nbsp; Gestaltung dieser Webseite: Marc Salzmann Sk\u00e5rtaryd P\u00e5lsg\u00e5rd 1 36391 Bra\u00e5s Schweden E-Mail: office@marc-salzmann-marketing.de Haftung f\u00fcr Inhalte Als Diensteanbieter sind wir gem\u00e4\u00df \u00a7 7 Abs.1 TMG f\u00fcr eigene Inhalte auf diesen Seiten nach den&hellip;<\/p>\n","protected":false},"author":1,"featured_media":0,"parent":0,"menu_order":0,"comment_status":"closed","ping_status":"closed","template":"","meta":{"footnotes":""},"class_list":["post-108","page","type-page","status-publish","hentry"],"_links":{"self":[{"href":"https:\/\/www.marc-salzmann-marketing.de\/index.php?rest_route=\/wp\/v2\/pages\/108","targetHints":{"allow":["GET"]}}],"collection":[{"href":"https:\/\/www.marc-salzmann-marketing.de\/index.php?rest_route=\/wp\/v2\/pages"}],"about":[{"href":"https:\/\/www.marc-salzmann-marketing.de\/index.php?rest_route=\/wp\/v2\/types\/page"}],"author":[{"embeddable":true,"href":"https:\/\/www.marc-salzmann-marketing.de\/index.php?rest_route=\/wp\/v2\/users\/1"}],"replies":[{"embeddable":true,"href":"https:\/\/www.marc-salzmann-marketing.de\/index.php?rest_route=%2Fwp%2Fv2%2Fcomments&post=108"}],"version-history":[{"count":15,"href":"https:\/\/www.marc-salzmann-marketing.de\/index.php?rest_route=\/wp\/v2\/pages\/108\/revisions"}],"predecessor-version":[{"id":833,"href":"https:\/\/www.marc-salzmann-marketing.de\/index.php?rest_route=\/wp\/v2\/pages\/108\/revisions\/833"}],"wp:attachment":[{"href":"https:\/\/www.marc-salzmann-marketing.de\/index.php?rest_route=%2Fwp%2Fv2%2Fmedia&parent=108"}],"curies":[{"name":"wp","href":"https:\/\/api.w.org\/{rel}","templated":true}]}}